{"id":1288,"date":"2026-01-22T02:53:03","date_gmt":"2026-01-22T02:53:03","guid":{"rendered":"https:\/\/hysfsubsea.com\/?post_type=product&#038;p=1288"},"modified":"2026-01-24T16:20:42","modified_gmt":"2026-01-24T16:20:42","slug":"hysf-mcbh5f-miniature-circular-5-pin-female-bulkhead-underwater-connector","status":"publish","type":"product","link":"https:\/\/hysfsubsea.com\/da\/product\/hysf-mcbh5f-miniature-circular-5-pin-female-bulkhead-underwater-connector\/","title":{"rendered":"HYSF MCBH5F Miniature cirkul\u00e6rt 5-polet hun-undervandsstik til skotter"},"content":{"rendered":"<p>HYSF MCBH5F er et h\u00f8jtydende 5-polet vandt\u00e6t hunstik, der er konstrueret til p\u00e5lidelig panelmontering i dybvandssystemer. Det bruges ofte i undervandsplatforme med flere sensorer, ROV-thrusterkontroller, undervandsdataindsamlingssystemer og havforskningsudstyr, der kr\u00e6ver forseglede multikanalgr\u00e6nseflader. Den er fremstillet af materialer af marinekvalitet, guldbelagte kontakter af kobberlegering og st\u00e6rk neoprenst\u00f8bning, giver IP68-beskyttelse og t\u00e5ler et tryk p\u00e5 60 MPa (6000 m dybde). Fremragende korrosionsbestandighed og gentagne parringsevner sikrer forl\u00e6nget levetid i udfordrende undervandsmilj\u00f8er.<\/p>","protected":false},"excerpt":{"rendered":"<p>The HYSF MCBH5F is a high-performance 5-pin female bulkhead watertight connector engineered for reliable panel mounting in deep-water systems. Commonly used in multi-sensor underwater platforms, ROV<span class=\"excerpt-hellip\"> [\u2026]<\/span><\/p>","protected":false},"featured_media":1353,"comment_status":"open","ping_status":"closed","template":"","meta":{"_acf_changed":false},"product_brand":[30],"product_cat":[31],"product_tag":[],"class_list":{"0":"post-1288","1":"product","2":"type-product","3":"status-publish","4":"has-post-thumbnail","6":"product_brand-hysf","7":"product_cat-miniature-circular-connectors","8":"pa_body-material-316l-stainless-steel","9":"pa_connector-type-bulkhead-receptacle","10":"pa_electrical-rating-550v-10a","11":"pa_mounting-thread-7-16-20-unf","12":"pa_number-of-contacts-5-pin","13":"pa_series-miniature-series","15":"first","16":"instock","17":"shipping-taxable","18":"purchasable","19":"product-type-simple"},"acf":[],"_links":{"self":[{"href":"https:\/\/hysfsubsea.com\/da\/wp-json\/wp\/v2\/product\/1288","targetHints":{"allow":["GET"]}}],"collection":[{"href":"https:\/\/hysfsubsea.com\/da\/wp-json\/wp\/v2\/product"}],"about":[{"href":"https:\/\/hysfsubsea.com\/da\/wp-json\/wp\/v2\/types\/product"}],"replies":[{"embeddable":true,"href":"https:\/\/hysfsubsea.com\/da\/wp-json\/wp\/v2\/comments?post=1288"}],"version-history":[{"count":1,"href":"https:\/\/hysfsubsea.com\/da\/wp-json\/wp\/v2\/product\/1288\/revisions"}],"predecessor-version":[{"id":1354,"href":"https:\/\/hysfsubsea.com\/da\/wp-json\/wp\/v2\/product\/1288\/revisions\/1354"}],"wp:featuredmedia":[{"embeddable":true,"href":"https:\/\/hysfsubsea.com\/da\/wp-json\/wp\/v2\/media\/1353"}],"wp:attachment":[{"href":"https:\/\/hysfsubsea.com\/da\/wp-json\/wp\/v2\/media?parent=1288"}],"wp:term":[{"taxonomy":"product_brand","embeddable":true,"href":"https:\/\/hysfsubsea.com\/da\/wp-json\/wp\/v2\/product_brand?post=1288"},{"taxonomy":"product_cat","embeddable":true,"href":"https:\/\/hysfsubsea.com\/da\/wp-json\/wp\/v2\/product_cat?post=1288"},{"taxonomy":"product_tag","embeddable":true,"href":"https:\/\/hysfsubsea.com\/da\/wp-json\/wp\/v2\/product_tag?post=1288"}],"curies":[{"name":"wp","href":"https:\/\/api.w.org\/{rel}","templated":true}]}}