{"id":2023,"date":"2026-01-24T05:12:20","date_gmt":"2026-01-24T05:12:20","guid":{"rendered":"https:\/\/hysfsubsea.com\/?post_type=product&#038;p=2023"},"modified":"2026-01-24T16:20:31","modified_gmt":"2026-01-24T16:20:31","slug":"hysf-sflpbh2m-standard-flat-2-pin-male-bulkhead-underwater-connector","status":"publish","type":"product","link":"https:\/\/hysfsubsea.com\/da\/product\/hysf-sflpbh2m-standard-flat-2-pin-male-bulkhead-underwater-connector\/","title":{"rendered":"HYSF SFLPBH2M Standard flad 2-polet han-undervandsstik til skotter"},"content":{"rendered":"<p>HYSF SFLPBH2M er et robust, fladt standard 2-polet han-skot, vandt\u00e6t stik, der er optimeret til lavprofilerede panelmonterede installationer gennem skroget under sv\u00e6re marineforhold. Anvendes i vid udstr\u00e6kning i flade offshore-paneler, undervandshuse, ROV-forbindelsesbokse, undervandskontrolsystemer og marinefart\u00f8jer, der kr\u00e6ver sikre forseglede flade gennemf\u00f8ringer. Den er fremstillet af korrosionsbestandige materialer, guldbelagte kontakter og et kompakt, fladt design og opn\u00e5r en overlegen IP68-t\u00e6tning og h\u00f8jtryksklassificering til brug p\u00e5 dybt vand. HYSF leverer p\u00e5lidelige standard flade undervandsskottilslutninger og elektriske undervandsgennemf\u00f8ringer som en betroet kinesisk producent.<\/p>","protected":false},"excerpt":{"rendered":"<p>The HYSF SFLPBH2M is a rugged standard flat 2-pin male bulkhead watertight connector optimised for low-profile panel-mount through-hull installations in severe marine conditions. Widely applied in<span class=\"excerpt-hellip\"> [\u2026]<\/span><\/p>","protected":false},"featured_media":2055,"comment_status":"open","ping_status":"closed","template":"","meta":{"_acf_changed":false},"product_brand":[30],"product_cat":[32],"product_tag":[],"class_list":{"0":"post-2023","1":"product","2":"type-product","3":"status-publish","4":"has-post-thumbnail","6":"product_brand-hysf","7":"product_cat-standard-circular-connectors","8":"pa_body-material-316l-stainless-steel","9":"pa_connector-type-bulkhead-receptacle","10":"pa_electrical-rating-550v-10a","11":"pa_mounting-thread-1-2-20-unf","12":"pa_number-of-contacts-2-pin","13":"pa_series-standard-flat-underwater-connector","15":"first","16":"instock","17":"shipping-taxable","18":"purchasable","19":"product-type-simple"},"acf":[],"_links":{"self":[{"href":"https:\/\/hysfsubsea.com\/da\/wp-json\/wp\/v2\/product\/2023","targetHints":{"allow":["GET"]}}],"collection":[{"href":"https:\/\/hysfsubsea.com\/da\/wp-json\/wp\/v2\/product"}],"about":[{"href":"https:\/\/hysfsubsea.com\/da\/wp-json\/wp\/v2\/types\/product"}],"replies":[{"embeddable":true,"href":"https:\/\/hysfsubsea.com\/da\/wp-json\/wp\/v2\/comments?post=2023"}],"version-history":[{"count":1,"href":"https:\/\/hysfsubsea.com\/da\/wp-json\/wp\/v2\/product\/2023\/revisions"}],"predecessor-version":[{"id":2056,"href":"https:\/\/hysfsubsea.com\/da\/wp-json\/wp\/v2\/product\/2023\/revisions\/2056"}],"wp:featuredmedia":[{"embeddable":true,"href":"https:\/\/hysfsubsea.com\/da\/wp-json\/wp\/v2\/media\/2055"}],"wp:attachment":[{"href":"https:\/\/hysfsubsea.com\/da\/wp-json\/wp\/v2\/media?parent=2023"}],"wp:term":[{"taxonomy":"product_brand","embeddable":true,"href":"https:\/\/hysfsubsea.com\/da\/wp-json\/wp\/v2\/product_brand?post=2023"},{"taxonomy":"product_cat","embeddable":true,"href":"https:\/\/hysfsubsea.com\/da\/wp-json\/wp\/v2\/product_cat?post=2023"},{"taxonomy":"product_tag","embeddable":true,"href":"https:\/\/hysfsubsea.com\/da\/wp-json\/wp\/v2\/product_tag?post=2023"}],"curies":[{"name":"wp","href":"https:\/\/api.w.org\/{rel}","templated":true}]}}