{"id":2763,"date":"2026-01-27T07:51:20","date_gmt":"2026-01-27T07:51:20","guid":{"rendered":"https:\/\/hysfsubsea.com\/?post_type=product&#038;p=2763"},"modified":"2026-01-27T07:55:23","modified_gmt":"2026-01-27T07:55:23","slug":"hysf-sftzbhm-coaxial-50-5-male-bulkhead-underwater-connector","status":"publish","type":"product","link":"https:\/\/hysfsubsea.com\/da\/product\/hysf-sftzbhm-coaxial-50-5-male-bulkhead-underwater-connector\/","title":{"rendered":"HYSF SFTZBHM Koaksial 50-5 han-undervandsstik til skotter"},"content":{"rendered":"<p>HYSF SFTZBHM er et robust, vandt\u00e6t koaksialt 50-5 han-skotstik, der er optimeret til panelmonterede installationer gennem skroget i marine RF-systemer. Det bruges i vid udstr\u00e6kning p\u00e5 offshore-platforme, undervandsforbindelsesbokse, ROV-koaksialgr\u00e6nseflader og marinefart\u00f8jer, der kr\u00e6ver sikre forseglede 50 ohm-gennemf\u00f8ringer. Den er fremstillet af korrosionsbestandige materialer og pr\u00e6cisionsdesign og opn\u00e5r en overlegen IP68-forsegling og h\u00f8jtryksklassificering til brug p\u00e5 dybt vand. Fremragende signalintegritet sikrer p\u00e5lidelighed i offshore koaksiale 50-5 undervandsstik fra HYSF.<\/p>","protected":false},"excerpt":{"rendered":"<p>The HYSF SFTZBHM is a rugged coaxial 50-5 male bulkhead watertight connector optimised for panel-mount through-hull installations in marine RF systems. Widely used in offshore platforms,<span class=\"excerpt-hellip\"> [\u2026]<\/span><\/p>","protected":false},"featured_media":2782,"comment_status":"open","ping_status":"closed","template":"","meta":{"_acf_changed":false},"product_brand":[30],"product_cat":[118],"product_tag":[],"class_list":{"0":"post-2763","1":"product","2":"type-product","3":"status-publish","4":"has-post-thumbnail","6":"product_brand-hysf","7":"product_cat-coaxial-underwater-connectors","8":"pa_body-material-316l-stainless-steel","9":"pa_coaxial-cable-specifications-50-3-50-5","10":"pa_connector-type-bulkhead-receptacle","11":"pa_mounting-thread-1-2-20-unf","12":"pa_series-coaxial-series","13":"pa_standing-wave-ratio-1-3","15":"first","16":"instock","17":"shipping-taxable","18":"purchasable","19":"product-type-simple"},"acf":[],"_links":{"self":[{"href":"https:\/\/hysfsubsea.com\/da\/wp-json\/wp\/v2\/product\/2763","targetHints":{"allow":["GET"]}}],"collection":[{"href":"https:\/\/hysfsubsea.com\/da\/wp-json\/wp\/v2\/product"}],"about":[{"href":"https:\/\/hysfsubsea.com\/da\/wp-json\/wp\/v2\/types\/product"}],"replies":[{"embeddable":true,"href":"https:\/\/hysfsubsea.com\/da\/wp-json\/wp\/v2\/comments?post=2763"}],"version-history":[{"count":1,"href":"https:\/\/hysfsubsea.com\/da\/wp-json\/wp\/v2\/product\/2763\/revisions"}],"predecessor-version":[{"id":2783,"href":"https:\/\/hysfsubsea.com\/da\/wp-json\/wp\/v2\/product\/2763\/revisions\/2783"}],"wp:featuredmedia":[{"embeddable":true,"href":"https:\/\/hysfsubsea.com\/da\/wp-json\/wp\/v2\/media\/2782"}],"wp:attachment":[{"href":"https:\/\/hysfsubsea.com\/da\/wp-json\/wp\/v2\/media?parent=2763"}],"wp:term":[{"taxonomy":"product_brand","embeddable":true,"href":"https:\/\/hysfsubsea.com\/da\/wp-json\/wp\/v2\/product_brand?post=2763"},{"taxonomy":"product_cat","embeddable":true,"href":"https:\/\/hysfsubsea.com\/da\/wp-json\/wp\/v2\/product_cat?post=2763"},{"taxonomy":"product_tag","embeddable":true,"href":"https:\/\/hysfsubsea.com\/da\/wp-json\/wp\/v2\/product_tag?post=2763"}],"curies":[{"name":"wp","href":"https:\/\/api.w.org\/{rel}","templated":true}]}}