{"id":2765,"date":"2026-01-27T07:51:20","date_gmt":"2026-01-27T07:51:20","guid":{"rendered":"https:\/\/hysfsubsea.com\/?post_type=product&#038;p=2765"},"modified":"2026-01-27T07:55:22","modified_gmt":"2026-01-27T07:55:22","slug":"hysf-sftzdcf-coaxial-50-5-female-dummy-plug-underwater-connector","status":"publish","type":"product","link":"https:\/\/hysfsubsea.com\/da\/product\/hysf-sftzdcf-coaxial-50-5-female-dummy-plug-underwater-connector\/","title":{"rendered":"HYSF SFTZDCF Coaxial 50-5 Female Dummy Plug Underwater Connector"},"content":{"rendered":"<p>HYSF SFTZDCF er et koaksialt 50-5 hunstik af h\u00f8j kvalitet, der bruges til at beskytte \u00e5bne hunstik mod vand og snavs i koaksiale systemer. Det er afg\u00f8rende for at forl\u00e6nge levetiden for stik i offshore-platforme og undervandsinstallationer. Har p\u00e5lidelig forsegling for fuld milj\u00f8beskyttelse p\u00e5 tv\u00e6rs af ekstreme dybder. HYSF leverer vigtige beskyttelsesh\u00e6tter til koaksiale 50-5 subsea vandt\u00e6tte stik fra Kina.<\/p>","protected":false},"excerpt":{"rendered":"<p>The HYSF SFTZDCF is a high-quality coaxial 50-5 female dummy plug used to protect open female receptacles from water and debris in coaxial systems. Critical for<span class=\"excerpt-hellip\"> [\u2026]<\/span><\/p>","protected":false},"featured_media":2786,"comment_status":"open","ping_status":"closed","template":"","meta":{"_acf_changed":false},"product_brand":[30],"product_cat":[118],"product_tag":[],"class_list":{"0":"post-2765","1":"product","2":"type-product","3":"status-publish","4":"has-post-thumbnail","6":"product_brand-hysf","7":"product_cat-coaxial-underwater-connectors","8":"pa_body-material-neoprene-rubber-standard","9":"pa_coaxial-cable-specifications-50-3-50-5","10":"pa_connector-type-dummy-plug","11":"pa_mounting-thread-1-2-20-unf","12":"pa_series-coaxial-series","13":"pa_standing-wave-ratio-1-3","15":"first","16":"instock","17":"shipping-taxable","18":"purchasable","19":"product-type-simple"},"acf":[],"_links":{"self":[{"href":"https:\/\/hysfsubsea.com\/da\/wp-json\/wp\/v2\/product\/2765","targetHints":{"allow":["GET"]}}],"collection":[{"href":"https:\/\/hysfsubsea.com\/da\/wp-json\/wp\/v2\/product"}],"about":[{"href":"https:\/\/hysfsubsea.com\/da\/wp-json\/wp\/v2\/types\/product"}],"replies":[{"embeddable":true,"href":"https:\/\/hysfsubsea.com\/da\/wp-json\/wp\/v2\/comments?post=2765"}],"version-history":[{"count":1,"href":"https:\/\/hysfsubsea.com\/da\/wp-json\/wp\/v2\/product\/2765\/revisions"}],"predecessor-version":[{"id":2787,"href":"https:\/\/hysfsubsea.com\/da\/wp-json\/wp\/v2\/product\/2765\/revisions\/2787"}],"wp:featuredmedia":[{"embeddable":true,"href":"https:\/\/hysfsubsea.com\/da\/wp-json\/wp\/v2\/media\/2786"}],"wp:attachment":[{"href":"https:\/\/hysfsubsea.com\/da\/wp-json\/wp\/v2\/media?parent=2765"}],"wp:term":[{"taxonomy":"product_brand","embeddable":true,"href":"https:\/\/hysfsubsea.com\/da\/wp-json\/wp\/v2\/product_brand?post=2765"},{"taxonomy":"product_cat","embeddable":true,"href":"https:\/\/hysfsubsea.com\/da\/wp-json\/wp\/v2\/product_cat?post=2765"},{"taxonomy":"product_tag","embeddable":true,"href":"https:\/\/hysfsubsea.com\/da\/wp-json\/wp\/v2\/product_tag?post=2765"}],"curies":[{"name":"wp","href":"https:\/\/api.w.org\/{rel}","templated":true}]}}