{"id":1441,"date":"2026-01-22T06:24:22","date_gmt":"2026-01-22T06:24:22","guid":{"rendered":"https:\/\/hysfsubsea.com\/?post_type=product&#038;p=1441"},"modified":"2026-01-24T16:20:40","modified_gmt":"2026-01-24T16:20:40","slug":"hysf-mcil10m-miniature-circular-10-pin-male-inline-underwater-connector","status":"publish","type":"product","link":"https:\/\/hysfsubsea.com\/de\/product\/hysf-mcil10m-miniature-circular-10-pin-male-inline-underwater-connector\/","title":{"rendered":"HYSF MCIL10M Miniature Circular 10-Pin Male Inline Underwater Connector"},"content":{"rendered":"<p>Der HYSF MCIL10M ist ein wasserdichter 10-adriger Inline-Stecker mit hoher Dichte, der f\u00fcr fortschrittliche Tiefseeanwendungen entwickelt wurde, die mehrere Strom- und Signalkan\u00e4le auf kleinstem Raum erfordern. Er ist ideal f\u00fcr anspruchsvolle ROVs, AUVs mit umfangreichen Sensoranordnungen, Unterwasserrobotersysteme, marine Datenerfassung und ozeanografische Instrumente, die eine zuverl\u00e4ssige wasserdichte Leistung erfordern. Die pr\u00e4zisionsgefertigte Konstruktion mit Neopren in Marinequalit\u00e4t, vergoldeten Kontakten und robuster Bauweise bietet IP68-Dichtheit und Druckbest\u00e4ndigkeit bis zu 60 MPa (6000 Meter Tiefe). Hervorragende Korrosionsbest\u00e4ndigkeit, geringer Kontaktwiderstand und mehr als 500 Steckzyklen machen ihn zur bevorzugten Wahl f\u00fcr die Offshore-Exploration, Hersteller von Unterwasserger\u00e4ten und elektrische Unterwasserverbindungen mit hoher Polzahl.<\/p>","protected":false},"excerpt":{"rendered":"<p>The HYSF MCIL10M is a high-density 10-core male inline watertight connector designed for advanced deep-sea applications requiring multiple power and signal channels in compact spaces. Ideal<span class=\"excerpt-hellip\"> [\u2026]<\/span><\/p>","protected":false},"featured_media":1471,"comment_status":"open","ping_status":"closed","template":"","meta":{"_acf_changed":false},"product_brand":[30],"product_cat":[31],"product_tag":[],"class_list":{"0":"post-1441","1":"product","2":"type-product","3":"status-publish","4":"has-post-thumbnail","6":"product_brand-hysf","7":"product_cat-miniature-circular-connectors","8":"pa_body-material-neoprene-rubber-standard","9":"pa_connector-type-cable-plug","10":"pa_electrical-rating-550v-10a","11":"pa_mounting-thread-7-16-20-unf","12":"pa_number-of-contacts-10-pin","13":"pa_series-miniature-series","15":"first","16":"instock","17":"shipping-taxable","18":"purchasable","19":"product-type-simple"},"acf":[],"_links":{"self":[{"href":"https:\/\/hysfsubsea.com\/de\/wp-json\/wp\/v2\/product\/1441","targetHints":{"allow":["GET"]}}],"collection":[{"href":"https:\/\/hysfsubsea.com\/de\/wp-json\/wp\/v2\/product"}],"about":[{"href":"https:\/\/hysfsubsea.com\/de\/wp-json\/wp\/v2\/types\/product"}],"replies":[{"embeddable":true,"href":"https:\/\/hysfsubsea.com\/de\/wp-json\/wp\/v2\/comments?post=1441"}],"version-history":[{"count":1,"href":"https:\/\/hysfsubsea.com\/de\/wp-json\/wp\/v2\/product\/1441\/revisions"}],"predecessor-version":[{"id":1472,"href":"https:\/\/hysfsubsea.com\/de\/wp-json\/wp\/v2\/product\/1441\/revisions\/1472"}],"wp:featuredmedia":[{"embeddable":true,"href":"https:\/\/hysfsubsea.com\/de\/wp-json\/wp\/v2\/media\/1471"}],"wp:attachment":[{"href":"https:\/\/hysfsubsea.com\/de\/wp-json\/wp\/v2\/media?parent=1441"}],"wp:term":[{"taxonomy":"product_brand","embeddable":true,"href":"https:\/\/hysfsubsea.com\/de\/wp-json\/wp\/v2\/product_brand?post=1441"},{"taxonomy":"product_cat","embeddable":true,"href":"https:\/\/hysfsubsea.com\/de\/wp-json\/wp\/v2\/product_cat?post=1441"},{"taxonomy":"product_tag","embeddable":true,"href":"https:\/\/hysfsubsea.com\/de\/wp-json\/wp\/v2\/product_tag?post=1441"}],"curies":[{"name":"wp","href":"https:\/\/api.w.org\/{rel}","templated":true}]}}