{"id":1512,"date":"2026-01-22T06:25:34","date_gmt":"2026-01-22T06:25:34","guid":{"rendered":"https:\/\/hysfsubsea.com\/?post_type=product&#038;p=1512"},"modified":"2026-01-24T16:20:37","modified_gmt":"2026-01-24T16:20:37","slug":"hysf-mcil25f-miniature-circular-25-pin-female-inline-underwater-connector","status":"publish","type":"product","link":"https:\/\/hysfsubsea.com\/de\/product\/hysf-mcil25f-miniature-circular-25-pin-female-inline-underwater-connector\/","title":{"rendered":"HYSF MCIL25F Miniatur-Rundsteckverbinder mit 25-poliger Inline-Unterwasserbuchse"},"content":{"rendered":"<p>Der HYSF MCIL25F ist eine kompakte, wasserdichte 25-adrige Inline-Buchse, die f\u00fcr die Mehrkanal\u00fcbertragung mit maximaler Dichte in den rauesten Unterwasserumgebungen optimiert ist. Er eignet sich perfekt f\u00fcr die Integration der gr\u00f6\u00dften Anzahl von Signalen in fortschrittlichen Systemen, wie z. B. AUVs, ROV-Masterstationen, Unterwasser-Hochleistungsdatenhubs und Superstationen f\u00fcr die Meeresforschung. Die pr\u00e4zisionsgefertigten, hochwertigen Materialien, vergoldeten Kontakte und das robuste Neoprengeh\u00e4use gew\u00e4hrleisten die Wasserdichtigkeit nach IP68 und widerstehen einem Druck von 60 MPa (6000 m Tiefe). Die hervorragende Korrosionsbest\u00e4ndigkeit macht es zur ersten Wahl f\u00fcr Hersteller von Tiefseeausr\u00fcstung und Offshore-Unterwasserprojekten.<\/p>","protected":false},"excerpt":{"rendered":"<p>The HYSF MCIL25F is a compact 25-core female inline watertight connector optimized for maximum-density multi-channel transmission in the harshest underwater environments. Perfect for integrating the highest<span class=\"excerpt-hellip\"> [\u2026]<\/span><\/p>","protected":false},"featured_media":1563,"comment_status":"open","ping_status":"closed","template":"","meta":{"_acf_changed":false},"product_brand":[30],"product_cat":[31],"product_tag":[],"class_list":{"0":"post-1512","1":"product","2":"type-product","3":"status-publish","4":"has-post-thumbnail","6":"product_brand-hysf","7":"product_cat-miniature-circular-connectors","8":"pa_body-material-neoprene-rubber-standard","9":"pa_connector-type-inline-receptacle","10":"pa_electrical-rating-550v-10a","11":"pa_mounting-thread-7-16-20-unf","12":"pa_number-of-contacts-25-pin","13":"pa_series-miniature-series","15":"first","16":"instock","17":"shipping-taxable","18":"purchasable","19":"product-type-simple"},"acf":[],"_links":{"self":[{"href":"https:\/\/hysfsubsea.com\/de\/wp-json\/wp\/v2\/product\/1512","targetHints":{"allow":["GET"]}}],"collection":[{"href":"https:\/\/hysfsubsea.com\/de\/wp-json\/wp\/v2\/product"}],"about":[{"href":"https:\/\/hysfsubsea.com\/de\/wp-json\/wp\/v2\/types\/product"}],"replies":[{"embeddable":true,"href":"https:\/\/hysfsubsea.com\/de\/wp-json\/wp\/v2\/comments?post=1512"}],"version-history":[{"count":1,"href":"https:\/\/hysfsubsea.com\/de\/wp-json\/wp\/v2\/product\/1512\/revisions"}],"predecessor-version":[{"id":1564,"href":"https:\/\/hysfsubsea.com\/de\/wp-json\/wp\/v2\/product\/1512\/revisions\/1564"}],"wp:featuredmedia":[{"embeddable":true,"href":"https:\/\/hysfsubsea.com\/de\/wp-json\/wp\/v2\/media\/1563"}],"wp:attachment":[{"href":"https:\/\/hysfsubsea.com\/de\/wp-json\/wp\/v2\/media?parent=1512"}],"wp:term":[{"taxonomy":"product_brand","embeddable":true,"href":"https:\/\/hysfsubsea.com\/de\/wp-json\/wp\/v2\/product_brand?post=1512"},{"taxonomy":"product_cat","embeddable":true,"href":"https:\/\/hysfsubsea.com\/de\/wp-json\/wp\/v2\/product_cat?post=1512"},{"taxonomy":"product_tag","embeddable":true,"href":"https:\/\/hysfsubsea.com\/de\/wp-json\/wp\/v2\/product_tag?post=1512"}],"curies":[{"name":"wp","href":"https:\/\/api.w.org\/{rel}","templated":true}]}}