{"id":1738,"date":"2026-01-23T01:59:36","date_gmt":"2026-01-23T01:59:36","guid":{"rendered":"https:\/\/hysfsubsea.com\/?post_type=product&#038;p=1738"},"modified":"2026-01-24T16:20:34","modified_gmt":"2026-01-24T16:20:34","slug":"hysf-bh5m-standard-5-pin-male-bulkhead-underwater-connector","status":"publish","type":"product","link":"https:\/\/hysfsubsea.com\/de\/product\/hysf-bh5m-standard-5-pin-male-bulkhead-underwater-connector\/","title":{"rendered":"HYSF BH5M Standard 5-Pin Male Bulkhead Unterwasserstecker"},"content":{"rendered":"<p>Der HYSF BH5M ist ein robuster, wasserdichter 5-poliger Standard-Schottstecker, der f\u00fcr den Einbau in Schalttafeln unter schwierigen maritimen Bedingungen mit hoher Kanaldichte optimiert ist. Weit verbreitet in Offshore-Verteilerk\u00e4sten, Unterwasser-Druckgeh\u00e4usen, ROV-Kontrolltafeln, Unterwasser-\u00dcberwachungssystemen und Schiffen. Hergestellt aus korrosionsbest\u00e4ndigen Materialien und vergoldeten Kontakten, erreicht es eine hervorragende Abdichtung nach IP68 und eine hohe Druckstufe f\u00fcr den Einsatz in der Tiefsee. HYSF bietet zuverl\u00e4ssige Standard-Unterwasser-Schottsteckverbinder aus China f\u00fcr die Offshore- und Marineindustrie.<\/p>","protected":false},"excerpt":{"rendered":"<p>The HYSF BH5M is a rugged standard 5-pin male bulkhead watertight connector optimised for panel-mount through-hull installations in severe marine conditions with higher channel density. Widely<span class=\"excerpt-hellip\"> [\u2026]<\/span><\/p>","protected":false},"featured_media":1802,"comment_status":"open","ping_status":"closed","template":"","meta":{"_acf_changed":false},"product_brand":[30],"product_cat":[32],"product_tag":[],"class_list":{"0":"post-1738","1":"product","2":"type-product","3":"status-publish","4":"has-post-thumbnail","6":"product_brand-hysf","7":"product_cat-standard-circular-connectors","8":"pa_body-material-316l-stainless-steel","9":"pa_connector-type-bulkhead-receptacle","10":"pa_electrical-rating-550v-10a","11":"pa_mounting-thread-5-8-18-unf","12":"pa_number-of-contacts-5-pin","13":"pa_series-standard-series","15":"first","16":"instock","17":"shipping-taxable","18":"purchasable","19":"product-type-simple"},"acf":[],"_links":{"self":[{"href":"https:\/\/hysfsubsea.com\/de\/wp-json\/wp\/v2\/product\/1738","targetHints":{"allow":["GET"]}}],"collection":[{"href":"https:\/\/hysfsubsea.com\/de\/wp-json\/wp\/v2\/product"}],"about":[{"href":"https:\/\/hysfsubsea.com\/de\/wp-json\/wp\/v2\/types\/product"}],"replies":[{"embeddable":true,"href":"https:\/\/hysfsubsea.com\/de\/wp-json\/wp\/v2\/comments?post=1738"}],"version-history":[{"count":1,"href":"https:\/\/hysfsubsea.com\/de\/wp-json\/wp\/v2\/product\/1738\/revisions"}],"predecessor-version":[{"id":1803,"href":"https:\/\/hysfsubsea.com\/de\/wp-json\/wp\/v2\/product\/1738\/revisions\/1803"}],"wp:featuredmedia":[{"embeddable":true,"href":"https:\/\/hysfsubsea.com\/de\/wp-json\/wp\/v2\/media\/1802"}],"wp:attachment":[{"href":"https:\/\/hysfsubsea.com\/de\/wp-json\/wp\/v2\/media?parent=1738"}],"wp:term":[{"taxonomy":"product_brand","embeddable":true,"href":"https:\/\/hysfsubsea.com\/de\/wp-json\/wp\/v2\/product_brand?post=1738"},{"taxonomy":"product_cat","embeddable":true,"href":"https:\/\/hysfsubsea.com\/de\/wp-json\/wp\/v2\/product_cat?post=1738"},{"taxonomy":"product_tag","embeddable":true,"href":"https:\/\/hysfsubsea.com\/de\/wp-json\/wp\/v2\/product_tag?post=1738"}],"curies":[{"name":"wp","href":"https:\/\/api.w.org\/{rel}","templated":true}]}}