{"id":1760,"date":"2026-01-23T01:59:33","date_gmt":"2026-01-23T01:59:33","guid":{"rendered":"https:\/\/hysfsubsea.com\/?post_type=product&#038;p=1760"},"modified":"2026-01-24T16:20:33","modified_gmt":"2026-01-24T16:20:33","slug":"hysf-dc6m-standard-6-pin-male-dummy-plug-underwater-connector","status":"publish","type":"product","link":"https:\/\/hysfsubsea.com\/de\/product\/hysf-dc6m-standard-6-pin-male-dummy-plug-underwater-connector\/","title":{"rendered":"HYSF DC6M Standard 6-Pin Dummy-Stecker Unterwasserstecker"},"content":{"rendered":"<p>Der HYSF DC6M ist ein 6-poliger Standard-Blindstecker zur Abdichtung unbenutzter High-Density-Stecker gegen Verschmutzung und Korrosion in rauen Offshore-Umgebungen. Unverzichtbar f\u00fcr die Lagerung von ROVs, die Wartung von Unterwasserausr\u00fcstung und den Schutz von Schiffssystemen mit mehreren Kan\u00e4len. Bietet sicheren, druckfesten Verschluss in gro\u00dfen Tiefen. HYSF bietet unentbehrliche Blindstopfen als Teil des umfassenden Standardzubeh\u00f6rs f\u00fcr Unterwassersteckverbinder aus China an.<\/p>","protected":false},"excerpt":{"rendered":"<p>The HYSF DC6M is a protective standard 6-pin male dummy plug for sealing unused high-density connectors against contamination and corrosion in harsh offshore environments. Vital for<span class=\"excerpt-hellip\"> [\u2026]<\/span><\/p>","protected":false},"featured_media":1836,"comment_status":"open","ping_status":"closed","template":"","meta":{"_acf_changed":false},"product_brand":[30],"product_cat":[32],"product_tag":[],"class_list":{"0":"post-1760","1":"product","2":"type-product","3":"status-publish","4":"has-post-thumbnail","6":"product_brand-hysf","7":"product_cat-standard-circular-connectors","8":"pa_body-material-neoprene-rubber-standard","9":"pa_connector-type-dummy-plug","10":"pa_electrical-rating-550v-10a","11":"pa_mounting-thread-5-8-18-unf","12":"pa_number-of-contacts-6-pin","13":"pa_series-standard-series","15":"first","16":"instock","17":"shipping-taxable","18":"purchasable","19":"product-type-simple"},"acf":[],"_links":{"self":[{"href":"https:\/\/hysfsubsea.com\/de\/wp-json\/wp\/v2\/product\/1760","targetHints":{"allow":["GET"]}}],"collection":[{"href":"https:\/\/hysfsubsea.com\/de\/wp-json\/wp\/v2\/product"}],"about":[{"href":"https:\/\/hysfsubsea.com\/de\/wp-json\/wp\/v2\/types\/product"}],"replies":[{"embeddable":true,"href":"https:\/\/hysfsubsea.com\/de\/wp-json\/wp\/v2\/comments?post=1760"}],"version-history":[{"count":1,"href":"https:\/\/hysfsubsea.com\/de\/wp-json\/wp\/v2\/product\/1760\/revisions"}],"predecessor-version":[{"id":1837,"href":"https:\/\/hysfsubsea.com\/de\/wp-json\/wp\/v2\/product\/1760\/revisions\/1837"}],"wp:featuredmedia":[{"embeddable":true,"href":"https:\/\/hysfsubsea.com\/de\/wp-json\/wp\/v2\/media\/1836"}],"wp:attachment":[{"href":"https:\/\/hysfsubsea.com\/de\/wp-json\/wp\/v2\/media?parent=1760"}],"wp:term":[{"taxonomy":"product_brand","embeddable":true,"href":"https:\/\/hysfsubsea.com\/de\/wp-json\/wp\/v2\/product_brand?post=1760"},{"taxonomy":"product_cat","embeddable":true,"href":"https:\/\/hysfsubsea.com\/de\/wp-json\/wp\/v2\/product_cat?post=1760"},{"taxonomy":"product_tag","embeddable":true,"href":"https:\/\/hysfsubsea.com\/de\/wp-json\/wp\/v2\/product_tag?post=1760"}],"curies":[{"name":"wp","href":"https:\/\/api.w.org\/{rel}","templated":true}]}}