{"id":1778,"date":"2026-01-23T01:59:32","date_gmt":"2026-01-23T01:59:32","guid":{"rendered":"https:\/\/hysfsubsea.com\/?post_type=product&#038;p=1778"},"modified":"2026-01-24T16:20:33","modified_gmt":"2026-01-24T16:20:33","slug":"hysf-sfpbof8m-standard-8-pin-male-open-face-wet-mate-underwater-connector","status":"publish","type":"product","link":"https:\/\/hysfsubsea.com\/de\/product\/hysf-sfpbof8m-standard-8-pin-male-open-face-wet-mate-underwater-connector\/","title":{"rendered":"HYSF SFPBOF8M Standard 8-Pin Male Open-Face Wet-Mate Unterwasserstecker"},"content":{"rendered":"<p>Der HYSF SFPBOF8M ist ein standardm\u00e4\u00dfiger 8-poliger, offener, nasssteckbarer Bulkhead-Steckverbinder, der f\u00fcr druckausgeglichene, \u00f6lgef\u00fcllte Systeme bei Unterwassereingriffen mit ultrahoher Kanalzahl entwickelt wurde. Erm\u00f6glicht sicheres Stecken\/Demontieren unter Wasser ohne Drainage, ideal f\u00fcr gro\u00dfe ROV-Multitools, umfangreiche Hydraulikleitungen, Offshore-Wartung und Tiefseeeins\u00e4tze, die nass steckbare Verbindungen mit hoher Dichte erfordern. Mit vergoldeten Kontakten und fortschrittlicher Abdichtung f\u00fcr hervorragende Leistung in extremen Tiefen. HYSF liefert professionelle Standard-Unterwassersteckverbinder aus China.<\/p>","protected":false},"excerpt":{"rendered":"<p>The HYSF SFPBOF8M is a standard 8-pin male open-face wet-mateable bulkhead connector developed for pressure-balanced oil-filled systems in subsea interventions with ultra-high channel count. Enables safe<span class=\"excerpt-hellip\"> [\u2026]<\/span><\/p>","protected":false},"featured_media":1848,"comment_status":"open","ping_status":"closed","template":"","meta":{"_acf_changed":false},"product_brand":[30],"product_cat":[32],"product_tag":[],"class_list":{"0":"post-1778","1":"product","2":"type-product","3":"status-publish","4":"has-post-thumbnail","6":"product_brand-hysf","7":"product_cat-standard-circular-connectors","8":"pa_body-material-neoprene-rubber-standard","9":"pa_connector-type-field-installable","10":"pa_electrical-rating-550v-10a","11":"pa_mounting-thread-5-8-18-unf","12":"pa_number-of-contacts-8-pin","13":"pa_series-standard-series","15":"first","16":"instock","17":"shipping-taxable","18":"purchasable","19":"product-type-simple"},"acf":[],"_links":{"self":[{"href":"https:\/\/hysfsubsea.com\/de\/wp-json\/wp\/v2\/product\/1778","targetHints":{"allow":["GET"]}}],"collection":[{"href":"https:\/\/hysfsubsea.com\/de\/wp-json\/wp\/v2\/product"}],"about":[{"href":"https:\/\/hysfsubsea.com\/de\/wp-json\/wp\/v2\/types\/product"}],"replies":[{"embeddable":true,"href":"https:\/\/hysfsubsea.com\/de\/wp-json\/wp\/v2\/comments?post=1778"}],"version-history":[{"count":1,"href":"https:\/\/hysfsubsea.com\/de\/wp-json\/wp\/v2\/product\/1778\/revisions"}],"predecessor-version":[{"id":1849,"href":"https:\/\/hysfsubsea.com\/de\/wp-json\/wp\/v2\/product\/1778\/revisions\/1849"}],"wp:featuredmedia":[{"embeddable":true,"href":"https:\/\/hysfsubsea.com\/de\/wp-json\/wp\/v2\/media\/1848"}],"wp:attachment":[{"href":"https:\/\/hysfsubsea.com\/de\/wp-json\/wp\/v2\/media?parent=1778"}],"wp:term":[{"taxonomy":"product_brand","embeddable":true,"href":"https:\/\/hysfsubsea.com\/de\/wp-json\/wp\/v2\/product_brand?post=1778"},{"taxonomy":"product_cat","embeddable":true,"href":"https:\/\/hysfsubsea.com\/de\/wp-json\/wp\/v2\/product_cat?post=1778"},{"taxonomy":"product_tag","embeddable":true,"href":"https:\/\/hysfsubsea.com\/de\/wp-json\/wp\/v2\/product_tag?post=1778"}],"curies":[{"name":"wp","href":"https:\/\/api.w.org\/{rel}","templated":true}]}}