{"id":2047,"date":"2026-01-24T05:12:22","date_gmt":"2026-01-24T05:12:22","guid":{"rendered":"https:\/\/hysfsubsea.com\/?post_type=product&#038;p=2047"},"modified":"2026-01-24T16:19:55","modified_gmt":"2026-01-24T16:19:55","slug":"hysf-sflpbh7m-standard-flat-7-pin-male-bulkhead-underwater-connector","status":"publish","type":"product","link":"https:\/\/hysfsubsea.com\/de\/product\/hysf-sflpbh7m-standard-flat-7-pin-male-bulkhead-underwater-connector\/","title":{"rendered":"HYSF SFLPBH7M 7-poliger Standard-Flachstecker f\u00fcr Unterwasseranschl\u00fcsse"},"content":{"rendered":"<p>Der HYSF SFLPBH7M ist ein robuster, flacher, wasserdichter 7-poliger Standard-Schottwandsteckverbinder, der f\u00fcr flache, durch den Rumpf hindurch montierte Einbauplatten unter schwierigen maritimen Bedingungen mit erh\u00f6hter Kanalzahl optimiert ist. Weit verbreitet in flachen Offshore-Panels, Unterwassergeh\u00e4usen, ROV-Mehrfachsteuerungsanschl\u00fcssen, Unterwasser\u00fcberwachungssystemen und Schiffen. Durch die Verwendung korrosionsbest\u00e4ndiger Materialien und das kompakte, flache Design wird eine hervorragende Abdichtung nach IP68 und eine hohe Druckrate f\u00fcr den Einsatz in der Tiefsee erreicht. HYSF liefert zuverl\u00e4ssige flache Standard-Unterwasserschottverbinder aus China.<\/p>","protected":false},"excerpt":{"rendered":"<p>The HYSF SFLPBH7M is a rugged standard flat 7-pin male bulkhead watertight connector optimised for low-profile panel-mount through-hull installations in severe marine conditions with increased channel<span class=\"excerpt-hellip\"> [\u2026]<\/span><\/p>","protected":false},"featured_media":2115,"comment_status":"open","ping_status":"closed","template":"","meta":{"_acf_changed":false},"product_brand":[30],"product_cat":[32],"product_tag":[],"class_list":{"0":"post-2047","1":"product","2":"type-product","3":"status-publish","4":"has-post-thumbnail","6":"product_brand-hysf","7":"product_cat-standard-circular-connectors","8":"pa_body-material-316l-stainless-steel","9":"pa_connector-type-bulkhead-receptacle","10":"pa_electrical-rating-550v-10a","11":"pa_mounting-thread-1-2-20-unf","12":"pa_number-of-contacts-7-pin","13":"pa_series-standard-flat-underwater-connector","15":"first","16":"instock","17":"shipping-taxable","18":"purchasable","19":"product-type-simple"},"acf":[],"_links":{"self":[{"href":"https:\/\/hysfsubsea.com\/de\/wp-json\/wp\/v2\/product\/2047","targetHints":{"allow":["GET"]}}],"collection":[{"href":"https:\/\/hysfsubsea.com\/de\/wp-json\/wp\/v2\/product"}],"about":[{"href":"https:\/\/hysfsubsea.com\/de\/wp-json\/wp\/v2\/types\/product"}],"replies":[{"embeddable":true,"href":"https:\/\/hysfsubsea.com\/de\/wp-json\/wp\/v2\/comments?post=2047"}],"version-history":[{"count":1,"href":"https:\/\/hysfsubsea.com\/de\/wp-json\/wp\/v2\/product\/2047\/revisions"}],"predecessor-version":[{"id":2116,"href":"https:\/\/hysfsubsea.com\/de\/wp-json\/wp\/v2\/product\/2047\/revisions\/2116"}],"wp:featuredmedia":[{"embeddable":true,"href":"https:\/\/hysfsubsea.com\/de\/wp-json\/wp\/v2\/media\/2115"}],"wp:attachment":[{"href":"https:\/\/hysfsubsea.com\/de\/wp-json\/wp\/v2\/media?parent=2047"}],"wp:term":[{"taxonomy":"product_brand","embeddable":true,"href":"https:\/\/hysfsubsea.com\/de\/wp-json\/wp\/v2\/product_brand?post=2047"},{"taxonomy":"product_cat","embeddable":true,"href":"https:\/\/hysfsubsea.com\/de\/wp-json\/wp\/v2\/product_cat?post=2047"},{"taxonomy":"product_tag","embeddable":true,"href":"https:\/\/hysfsubsea.com\/de\/wp-json\/wp\/v2\/product_tag?post=2047"}],"curies":[{"name":"wp","href":"https:\/\/api.w.org\/{rel}","templated":true}]}}