{"id":2190,"date":"2026-01-24T07:43:26","date_gmt":"2026-01-24T07:43:26","guid":{"rendered":"https:\/\/hysfsubsea.com\/?post_type=product&#038;p=2190"},"modified":"2026-01-24T16:19:53","modified_gmt":"2026-01-24T16:19:53","slug":"hysf-sfcxdbh28m-ultra-small-28-core-male-bulkhead-underwater-connector","status":"publish","type":"product","link":"https:\/\/hysfsubsea.com\/de\/product\/hysf-sfcxdbh28m-ultra-small-28-core-male-bulkhead-underwater-connector\/","title":{"rendered":"HYSF SFCXDBH28M Ultra Small 28-Core Male Bulkhead Unterwasserstecker"},"content":{"rendered":"<p>Der HYSF SFCXDBH28M ist ein ultrakleiner, wasserdichter 28-poliger Bulkhead-Steckverbinder, der f\u00fcr Anwendungen mit h\u00f6chster Packungsdichte in den engsten Tiefsee-Installationen optimiert wurde. Ideal f\u00fcr Unterwasser-Observatorien, umfassende ROV-Kommandosysteme, Unterwasser-Datenzentren mit maximaler Bandbreite und permanente Mega-Arrays auf See, die ultrakleine wasserdichte Schottverbindungen mit achtundzwanzig Kan\u00e4len erfordern. Die pr\u00e4zisionsgefertigten, f\u00fcr die Schifffahrt geeigneten Materialien, vergoldeten Kontakte und das kompakte Design bieten eine Abdichtung nach IP68 und halten einem Druck von 60 MPa (6000 Meter Tiefe) stand. Hervorragende Korrosionsbest\u00e4ndigkeit gew\u00e4hrleistet den einwandfreien Betrieb der ultrakleinen, maximal poligen Unterwassersteckverbinder von HYSF.<\/p>","protected":false},"excerpt":{"rendered":"<p>The HYSF SFCXDBH28M is an ultra-small 28-core male bulkhead watertight connector optimised for ultimate-density panel-mount applications in the most constrained deep-sea installations. Ideal for flagship underwater<span class=\"excerpt-hellip\"> [\u2026]<\/span><\/p>","protected":false},"featured_media":2210,"comment_status":"open","ping_status":"closed","template":"","meta":{"_acf_changed":false},"product_brand":[30],"product_cat":[101],"product_tag":[],"class_list":{"0":"post-2190","1":"product","2":"type-product","3":"status-publish","4":"has-post-thumbnail","6":"product_brand-hysf","7":"product_cat-ultra-small-waterproof-connector","8":"pa_body-material-316l-stainless-steel","9":"pa_connector-type-bulkhead-receptacle","10":"pa_electrical-rating-550v-20-520-22ccat5ccat6","11":"pa_mounting-thread-1-2-20-unf","12":"pa_number-of-contacts-28-pin","13":"pa_series-ultra-small-series","15":"first","16":"instock","17":"shipping-taxable","18":"purchasable","19":"product-type-simple"},"acf":[],"_links":{"self":[{"href":"https:\/\/hysfsubsea.com\/de\/wp-json\/wp\/v2\/product\/2190","targetHints":{"allow":["GET"]}}],"collection":[{"href":"https:\/\/hysfsubsea.com\/de\/wp-json\/wp\/v2\/product"}],"about":[{"href":"https:\/\/hysfsubsea.com\/de\/wp-json\/wp\/v2\/types\/product"}],"replies":[{"embeddable":true,"href":"https:\/\/hysfsubsea.com\/de\/wp-json\/wp\/v2\/comments?post=2190"}],"version-history":[{"count":1,"href":"https:\/\/hysfsubsea.com\/de\/wp-json\/wp\/v2\/product\/2190\/revisions"}],"predecessor-version":[{"id":2211,"href":"https:\/\/hysfsubsea.com\/de\/wp-json\/wp\/v2\/product\/2190\/revisions\/2211"}],"wp:featuredmedia":[{"embeddable":true,"href":"https:\/\/hysfsubsea.com\/de\/wp-json\/wp\/v2\/media\/2210"}],"wp:attachment":[{"href":"https:\/\/hysfsubsea.com\/de\/wp-json\/wp\/v2\/media?parent=2190"}],"wp:term":[{"taxonomy":"product_brand","embeddable":true,"href":"https:\/\/hysfsubsea.com\/de\/wp-json\/wp\/v2\/product_brand?post=2190"},{"taxonomy":"product_cat","embeddable":true,"href":"https:\/\/hysfsubsea.com\/de\/wp-json\/wp\/v2\/product_cat?post=2190"},{"taxonomy":"product_tag","embeddable":true,"href":"https:\/\/hysfsubsea.com\/de\/wp-json\/wp\/v2\/product_tag?post=2190"}],"curies":[{"name":"wp","href":"https:\/\/api.w.org\/{rel}","templated":true}]}}