{"id":2222,"date":"2026-01-24T13:25:03","date_gmt":"2026-01-24T13:25:03","guid":{"rendered":"https:\/\/hysfsubsea.com\/?post_type=product&#038;p=2222"},"modified":"2026-01-24T16:19:52","modified_gmt":"2026-01-24T16:19:52","slug":"hysf-sfyxbh3f-round-small-3-core-female-bulkhead-underwater-connector","status":"publish","type":"product","link":"https:\/\/hysfsubsea.com\/de\/product\/hysf-sfyxbh3f-round-small-3-core-female-bulkhead-underwater-connector\/","title":{"rendered":"HYSF SFYXBH3F Kleine runde 3-polige Bulkhead-Buchse f\u00fcr Unterwasseranschl\u00fcsse"},"content":{"rendered":"<p>Die HYSF SFYXBH3F ist eine leistungsstarke, runde, kleine, wasserdichte, 3-adrige Schottbuchse, die f\u00fcr die sichere Panelmontage in kompakten Tiefseeger\u00e4ten entwickelt wurde. Sie ist unverzichtbar f\u00fcr Unterwasser-Multisensorschnittstellen, Offshore-\u00dcberwachung, ROV-Verbindungen und Schiffsinstrumente, die eine robuste, runde, kleine Abdichtung durch die Schalttafel erfordern. Durch die Verwendung von f\u00fcr die Schifffahrt geeigneten Materialien, vergoldeten Kontakten und einem runden Pr\u00e4zisionsgeh\u00e4use bietet er au\u00dfergew\u00f6hnliche Haltbarkeit und Druckbest\u00e4ndigkeit in allen Meerestiefen. Hervorragender Korrosionsschutz macht sie zum Standard f\u00fcr runde, kleine, 3-adrige Unterwasser-Schottbuchsen von HYSF.<\/p>","protected":false},"excerpt":{"rendered":"<p>The HYSF SFYXBH3F is a high-performance round small 3-core female bulkhead watertight connector engineered for secure panel mounting in deep-water compact equipment. Essential for subsea multi-sensor<span class=\"excerpt-hellip\"> [\u2026]<\/span><\/p>","protected":false},"featured_media":2249,"comment_status":"open","ping_status":"closed","template":"","meta":{"_acf_changed":false},"product_brand":[30],"product_cat":[111],"product_tag":[],"class_list":{"0":"post-2222","1":"product","2":"type-product","3":"status-publish","4":"has-post-thumbnail","6":"product_brand-hysf","7":"product_cat-round-small-connectors","8":"pa_body-material-316l-stainless-steel","9":"pa_connector-type-bulkhead-receptacle","10":"pa_electrical-rating-550v-5a","11":"pa_mounting-thread-3-8-24unf","12":"pa_number-of-contacts-3-pin","13":"pa_series-round-small-connector","15":"first","16":"instock","17":"shipping-taxable","18":"purchasable","19":"product-type-simple"},"acf":[],"_links":{"self":[{"href":"https:\/\/hysfsubsea.com\/de\/wp-json\/wp\/v2\/product\/2222","targetHints":{"allow":["GET"]}}],"collection":[{"href":"https:\/\/hysfsubsea.com\/de\/wp-json\/wp\/v2\/product"}],"about":[{"href":"https:\/\/hysfsubsea.com\/de\/wp-json\/wp\/v2\/types\/product"}],"replies":[{"embeddable":true,"href":"https:\/\/hysfsubsea.com\/de\/wp-json\/wp\/v2\/comments?post=2222"}],"version-history":[{"count":1,"href":"https:\/\/hysfsubsea.com\/de\/wp-json\/wp\/v2\/product\/2222\/revisions"}],"predecessor-version":[{"id":2250,"href":"https:\/\/hysfsubsea.com\/de\/wp-json\/wp\/v2\/product\/2222\/revisions\/2250"}],"wp:featuredmedia":[{"embeddable":true,"href":"https:\/\/hysfsubsea.com\/de\/wp-json\/wp\/v2\/media\/2249"}],"wp:attachment":[{"href":"https:\/\/hysfsubsea.com\/de\/wp-json\/wp\/v2\/media?parent=2222"}],"wp:term":[{"taxonomy":"product_brand","embeddable":true,"href":"https:\/\/hysfsubsea.com\/de\/wp-json\/wp\/v2\/product_brand?post=2222"},{"taxonomy":"product_cat","embeddable":true,"href":"https:\/\/hysfsubsea.com\/de\/wp-json\/wp\/v2\/product_cat?post=2222"},{"taxonomy":"product_tag","embeddable":true,"href":"https:\/\/hysfsubsea.com\/de\/wp-json\/wp\/v2\/product_tag?post=2222"}],"curies":[{"name":"wp","href":"https:\/\/api.w.org\/{rel}","templated":true}]}}