{"id":1730,"date":"2026-01-23T01:59:38","date_gmt":"2026-01-23T01:59:38","guid":{"rendered":"https:\/\/hysfsubsea.com\/?post_type=product&#038;p=1730"},"modified":"2026-02-01T11:47:43","modified_gmt":"2026-02-01T11:47:43","slug":"hysf-bh4m-standard-4-pin-male-bulkhead-underwater-connector","status":"publish","type":"product","link":"https:\/\/hysfsubsea.com\/es\/producto\/hysf-bh4m-standard-4-pin-male-bulkhead-underwater-connector\/","title":{"rendered":"Conector submarino est\u00e1ndar de 4 pines macho HYSF BH4M"},"content":{"rendered":"<p>El HYSF BH4M es un conector estanco macho est\u00e1ndar de 4 pines, resistente y optimizado para instalaciones de montaje en panel a trav\u00e9s del casco en condiciones mar\u00edtimas adversas. Se utiliza ampliamente en plataformas marinas, carcasas de presi\u00f3n submarinas, cajas de conexiones ROV, paneles de control submarinos y embarcaciones mar\u00edtimas que requieren penetraciones selladas fiables. Fabricado con materiales resistentes a la corrosi\u00f3n, contactos chapados en oro y sobremoldeado de alta resistencia, alcanza un sellado IP68 superior y una alta presi\u00f3n nominal para despliegues en aguas profundas. HYSF proporciona conectores submarinos est\u00e1ndar fiables y penetradores el\u00e9ctricos submarinos como fabricante chino de confianza.<\/p>","protected":false},"excerpt":{"rendered":"<p>The HYSF BH4M is a rugged standard 4-pin male bulkhead watertight connector optimised for panel-mount through-hull installations in severe marine conditions. Widely applied in offshore platforms,<span class=\"excerpt-hellip\"> [\u2026]<\/span><\/p>","protected":false},"featured_media":1775,"comment_status":"open","ping_status":"closed","template":"","meta":{"_acf_changed":false},"product_brand":[30],"product_cat":[32],"product_tag":[],"class_list":{"0":"post-1730","1":"product","2":"type-product","3":"status-publish","4":"has-post-thumbnail","6":"product_brand-hysf","7":"product_cat-standard-circular-connectors","8":"pa_body-material-316l-stainless-steel","9":"pa_connector-type-bulkhead-receptacle","10":"pa_electrical-rating-550v-10a","11":"pa_mounting-thread-5-8-18-unf","12":"pa_number-of-contacts-4-pin","13":"pa_series-standard-series","15":"first","16":"instock","17":"shipping-taxable","18":"purchasable","19":"product-type-simple"},"acf":[],"_links":{"self":[{"href":"https:\/\/hysfsubsea.com\/es\/wp-json\/wp\/v2\/product\/1730","targetHints":{"allow":["GET"]}}],"collection":[{"href":"https:\/\/hysfsubsea.com\/es\/wp-json\/wp\/v2\/product"}],"about":[{"href":"https:\/\/hysfsubsea.com\/es\/wp-json\/wp\/v2\/types\/product"}],"replies":[{"embeddable":true,"href":"https:\/\/hysfsubsea.com\/es\/wp-json\/wp\/v2\/comments?post=1730"}],"version-history":[{"count":1,"href":"https:\/\/hysfsubsea.com\/es\/wp-json\/wp\/v2\/product\/1730\/revisions"}],"predecessor-version":[{"id":1776,"href":"https:\/\/hysfsubsea.com\/es\/wp-json\/wp\/v2\/product\/1730\/revisions\/1776"}],"wp:featuredmedia":[{"embeddable":true,"href":"https:\/\/hysfsubsea.com\/es\/wp-json\/wp\/v2\/media\/1775"}],"wp:attachment":[{"href":"https:\/\/hysfsubsea.com\/es\/wp-json\/wp\/v2\/media?parent=1730"}],"wp:term":[{"taxonomy":"product_brand","embeddable":true,"href":"https:\/\/hysfsubsea.com\/es\/wp-json\/wp\/v2\/product_brand?post=1730"},{"taxonomy":"product_cat","embeddable":true,"href":"https:\/\/hysfsubsea.com\/es\/wp-json\/wp\/v2\/product_cat?post=1730"},{"taxonomy":"product_tag","embeddable":true,"href":"https:\/\/hysfsubsea.com\/es\/wp-json\/wp\/v2\/product_tag?post=1730"}],"curies":[{"name":"wp","href":"https:\/\/api.w.org\/{rel}","templated":true}]}}