{"id":1732,"date":"2026-01-23T01:59:38","date_gmt":"2026-01-23T01:59:38","guid":{"rendered":"https:\/\/hysfsubsea.com\/?post_type=product&#038;p=1732"},"modified":"2026-01-24T16:20:34","modified_gmt":"2026-01-24T16:20:34","slug":"hysf-sfpbof4m-standard-4-pin-male-open-face-wet-mate-underwater-connector","status":"publish","type":"product","link":"https:\/\/hysfsubsea.com\/es\/producto\/hysf-sfpbof4m-standard-4-pin-male-open-face-wet-mate-underwater-connector\/","title":{"rendered":"Conector subacu\u00e1tico HYSF SFPBOF4M est\u00e1ndar de 4 pines macho con cara abierta y conexi\u00f3n h\u00fameda"},"content":{"rendered":"<p>El HYSF SFPBOF4M es un conector pasamuros est\u00e1ndar de 4 pines macho, de cara abierta y acoplable en h\u00famedo, desarrollado para sistemas de mangueras de combustible o llenos de aceite con equilibrio de presi\u00f3n (PBOF) en intervenciones submarinas. Permite un acoplamiento y desacoplamiento seguro bajo el agua sin necesidad de drenar el sistema, lo que lo hace ideal para operaciones con herramientas m\u00faltiples ROV, umbilicales hidr\u00e1ulicos, mantenimiento en alta mar y herramientas de aguas profundas que requieren conexiones multicanal fiables y conectables en h\u00famedo. Cuenta con contactos chapados en oro y una tecnolog\u00eda de sellado probada para un rendimiento superior y protecci\u00f3n contra la corrosi\u00f3n a profundidades extremas. HYSF ofrece conectores submarinos de acoplamiento en h\u00famedo de calidad profesional fabricados en China.<\/p>","protected":false},"excerpt":{"rendered":"<p>The HYSF SFPBOF4M is a standard 4-pin male open-face wet-mateable bulkhead connector developed for pressure-balanced oil-filled (PBOF) or fuel hose systems in subsea interventions. Allows safe<span class=\"excerpt-hellip\"> [\u2026]<\/span><\/p>","protected":false},"featured_media":1785,"comment_status":"open","ping_status":"closed","template":"","meta":{"_acf_changed":false},"product_brand":[30],"product_cat":[32],"product_tag":[],"class_list":{"0":"post-1732","1":"product","2":"type-product","3":"status-publish","4":"has-post-thumbnail","6":"product_brand-hysf","7":"product_cat-standard-circular-connectors","8":"pa_body-material-neoprene-rubber-standard","9":"pa_connector-type-field-installable","10":"pa_electrical-rating-550v-10a","11":"pa_mounting-thread-5-8-18-unf","12":"pa_number-of-contacts-4-pin","13":"pa_series-standard-series","15":"first","16":"instock","17":"shipping-taxable","18":"purchasable","19":"product-type-simple"},"acf":[],"_links":{"self":[{"href":"https:\/\/hysfsubsea.com\/es\/wp-json\/wp\/v2\/product\/1732","targetHints":{"allow":["GET"]}}],"collection":[{"href":"https:\/\/hysfsubsea.com\/es\/wp-json\/wp\/v2\/product"}],"about":[{"href":"https:\/\/hysfsubsea.com\/es\/wp-json\/wp\/v2\/types\/product"}],"replies":[{"embeddable":true,"href":"https:\/\/hysfsubsea.com\/es\/wp-json\/wp\/v2\/comments?post=1732"}],"version-history":[{"count":1,"href":"https:\/\/hysfsubsea.com\/es\/wp-json\/wp\/v2\/product\/1732\/revisions"}],"predecessor-version":[{"id":1786,"href":"https:\/\/hysfsubsea.com\/es\/wp-json\/wp\/v2\/product\/1732\/revisions\/1786"}],"wp:featuredmedia":[{"embeddable":true,"href":"https:\/\/hysfsubsea.com\/es\/wp-json\/wp\/v2\/media\/1785"}],"wp:attachment":[{"href":"https:\/\/hysfsubsea.com\/es\/wp-json\/wp\/v2\/media?parent=1732"}],"wp:term":[{"taxonomy":"product_brand","embeddable":true,"href":"https:\/\/hysfsubsea.com\/es\/wp-json\/wp\/v2\/product_brand?post=1732"},{"taxonomy":"product_cat","embeddable":true,"href":"https:\/\/hysfsubsea.com\/es\/wp-json\/wp\/v2\/product_cat?post=1732"},{"taxonomy":"product_tag","embeddable":true,"href":"https:\/\/hysfsubsea.com\/es\/wp-json\/wp\/v2\/product_tag?post=1732"}],"curies":[{"name":"wp","href":"https:\/\/api.w.org\/{rel}","templated":true}]}}