{"id":1735,"date":"2026-01-23T01:59:37","date_gmt":"2026-01-23T01:59:37","guid":{"rendered":"https:\/\/hysfsubsea.com\/?post_type=product&#038;p=1735"},"modified":"2026-01-24T16:20:34","modified_gmt":"2026-01-24T16:20:34","slug":"hysf-dc4f-standard-4-pin-female-dummy-plug-underwater-connector","status":"publish","type":"product","link":"https:\/\/hysfsubsea.com\/es\/producto\/hysf-dc4f-standard-4-pin-female-dummy-plug-underwater-connector\/","title":{"rendered":"Conector sumergible HYSF DC4F est\u00e1ndar con enchufe hembra de 4 pines"},"content":{"rendered":"<p>El HYSF DC4F es un tap\u00f3n simulador hembra de 4 pines est\u00e1ndar de alta calidad que se utiliza para proteger los recept\u00e1culos hembra abiertos del agua, los residuos y la corrosi\u00f3n cuando est\u00e1n desconectados. Es fundamental para preservar la vida \u00fatil de los conectores en plataformas mar\u00edtimas, sistemas ROV, equipos submarinos y aplicaciones marinas. Cuenta con un sellado y roscado fiables para una protecci\u00f3n ambiental total en profundidades extremas. HYSF, proveedor profesional de China, ofrece tapas protectoras y tapones simuladores esenciales para conectores submarinos estancos est\u00e1ndar.<\/p>","protected":false},"excerpt":{"rendered":"<p>The HYSF DC4F is a high-quality standard 4-pin female dummy plug used to safeguard open female receptacles from water, debris, and corrosion when disconnected. Critical for<span class=\"excerpt-hellip\"> [\u2026]<\/span><\/p>","protected":false},"featured_media":1791,"comment_status":"open","ping_status":"closed","template":"","meta":{"_acf_changed":false},"product_brand":[30],"product_cat":[32],"product_tag":[],"class_list":{"0":"post-1735","1":"product","2":"type-product","3":"status-publish","4":"has-post-thumbnail","6":"product_brand-hysf","7":"product_cat-standard-circular-connectors","8":"pa_body-material-neoprene-rubber-standard","9":"pa_connector-type-dummy-plug","10":"pa_electrical-rating-550v-10a","11":"pa_mounting-thread-5-8-18-unf","12":"pa_number-of-contacts-4-pin","13":"pa_series-standard-series","15":"first","16":"instock","17":"shipping-taxable","18":"purchasable","19":"product-type-simple"},"acf":[],"_links":{"self":[{"href":"https:\/\/hysfsubsea.com\/es\/wp-json\/wp\/v2\/product\/1735","targetHints":{"allow":["GET"]}}],"collection":[{"href":"https:\/\/hysfsubsea.com\/es\/wp-json\/wp\/v2\/product"}],"about":[{"href":"https:\/\/hysfsubsea.com\/es\/wp-json\/wp\/v2\/types\/product"}],"replies":[{"embeddable":true,"href":"https:\/\/hysfsubsea.com\/es\/wp-json\/wp\/v2\/comments?post=1735"}],"version-history":[{"count":1,"href":"https:\/\/hysfsubsea.com\/es\/wp-json\/wp\/v2\/product\/1735\/revisions"}],"predecessor-version":[{"id":1792,"href":"https:\/\/hysfsubsea.com\/es\/wp-json\/wp\/v2\/product\/1735\/revisions\/1792"}],"wp:featuredmedia":[{"embeddable":true,"href":"https:\/\/hysfsubsea.com\/es\/wp-json\/wp\/v2\/media\/1791"}],"wp:attachment":[{"href":"https:\/\/hysfsubsea.com\/es\/wp-json\/wp\/v2\/media?parent=1735"}],"wp:term":[{"taxonomy":"product_brand","embeddable":true,"href":"https:\/\/hysfsubsea.com\/es\/wp-json\/wp\/v2\/product_brand?post=1735"},{"taxonomy":"product_cat","embeddable":true,"href":"https:\/\/hysfsubsea.com\/es\/wp-json\/wp\/v2\/product_cat?post=1735"},{"taxonomy":"product_tag","embeddable":true,"href":"https:\/\/hysfsubsea.com\/es\/wp-json\/wp\/v2\/product_tag?post=1735"}],"curies":[{"name":"wp","href":"https:\/\/api.w.org\/{rel}","templated":true}]}}