{"id":1747,"date":"2026-01-23T01:59:34","date_gmt":"2026-01-23T01:59:34","guid":{"rendered":"https:\/\/hysfsubsea.com\/?post_type=product&#038;p=1747"},"modified":"2026-01-24T16:20:33","modified_gmt":"2026-01-24T16:20:33","slug":"hysf-bh6f-standard-6-pin-female-bulkhead-underwater-connector","status":"publish","type":"product","link":"https:\/\/hysfsubsea.com\/es\/producto\/hysf-bh6f-standard-6-pin-female-bulkhead-underwater-connector\/","title":{"rendered":"Conector submarino est\u00e1ndar de 6 pines hembra HYSF BH6F"},"content":{"rendered":"<p>El HYSF BH6F es un conector hembra estanco de 6 pines est\u00e1ndar de alto rendimiento dise\u00f1ado para un montaje seguro en paneles en equipos de alta densidad en aguas profundas. Esencial para plataformas de sensores submarinos multicanal, telemetr\u00eda en alta mar, interfaces ROV e instrumentaci\u00f3n marina que requieren penetraciones selladas y robustas. Fabricado con materiales de calidad marina y un sellado resistente, ofrece una durabilidad y una resistencia a la presi\u00f3n excepcionales en todas las profundidades oce\u00e1nicas. HYSF, fabricante profesional de China, suministra conectores pasamuros submarinos est\u00e1ndar de alta calidad para proyectos submarinos.<\/p>","protected":false},"excerpt":{"rendered":"<p>The HYSF BH6F is a high-performance standard 6-pin female bulkhead watertight connector designed for secure panel mounting in deep-water high-density equipment. Essential for multi-channel subsea sensor<span class=\"excerpt-hellip\"> [\u2026]<\/span><\/p>","protected":false},"featured_media":1830,"comment_status":"open","ping_status":"closed","template":"","meta":{"_acf_changed":false},"product_brand":[30],"product_cat":[32],"product_tag":[],"class_list":{"0":"post-1747","1":"product","2":"type-product","3":"status-publish","4":"has-post-thumbnail","6":"product_brand-hysf","7":"product_cat-standard-circular-connectors","8":"pa_body-material-316l-stainless-steel","9":"pa_connector-type-bulkhead-receptacle","10":"pa_electrical-rating-550v-10a","11":"pa_mounting-thread-5-8-18-unf","12":"pa_number-of-contacts-6-pin","13":"pa_series-standard-series","15":"first","16":"instock","17":"shipping-taxable","18":"purchasable","19":"product-type-simple"},"acf":[],"_links":{"self":[{"href":"https:\/\/hysfsubsea.com\/es\/wp-json\/wp\/v2\/product\/1747","targetHints":{"allow":["GET"]}}],"collection":[{"href":"https:\/\/hysfsubsea.com\/es\/wp-json\/wp\/v2\/product"}],"about":[{"href":"https:\/\/hysfsubsea.com\/es\/wp-json\/wp\/v2\/types\/product"}],"replies":[{"embeddable":true,"href":"https:\/\/hysfsubsea.com\/es\/wp-json\/wp\/v2\/comments?post=1747"}],"version-history":[{"count":1,"href":"https:\/\/hysfsubsea.com\/es\/wp-json\/wp\/v2\/product\/1747\/revisions"}],"predecessor-version":[{"id":1831,"href":"https:\/\/hysfsubsea.com\/es\/wp-json\/wp\/v2\/product\/1747\/revisions\/1831"}],"wp:featuredmedia":[{"embeddable":true,"href":"https:\/\/hysfsubsea.com\/es\/wp-json\/wp\/v2\/media\/1830"}],"wp:attachment":[{"href":"https:\/\/hysfsubsea.com\/es\/wp-json\/wp\/v2\/media?parent=1747"}],"wp:term":[{"taxonomy":"product_brand","embeddable":true,"href":"https:\/\/hysfsubsea.com\/es\/wp-json\/wp\/v2\/product_brand?post=1747"},{"taxonomy":"product_cat","embeddable":true,"href":"https:\/\/hysfsubsea.com\/es\/wp-json\/wp\/v2\/product_cat?post=1747"},{"taxonomy":"product_tag","embeddable":true,"href":"https:\/\/hysfsubsea.com\/es\/wp-json\/wp\/v2\/product_tag?post=1747"}],"curies":[{"name":"wp","href":"https:\/\/api.w.org\/{rel}","templated":true}]}}