{"id":1764,"date":"2026-01-23T01:59:32","date_gmt":"2026-01-23T01:59:32","guid":{"rendered":"https:\/\/hysfsubsea.com\/?post_type=product&#038;p=1764"},"modified":"2026-01-24T16:20:33","modified_gmt":"2026-01-24T16:20:33","slug":"hysf-bh8m-standard-8-pin-male-bulkhead-underwater-connector","status":"publish","type":"product","link":"https:\/\/hysfsubsea.com\/es\/producto\/hysf-bh8m-standard-8-pin-male-bulkhead-underwater-connector\/","title":{"rendered":"Conector submarino est\u00e1ndar de 8 pines macho HYSF BH8M"},"content":{"rendered":"<p>El HYSF BH8M es un conector macho est\u00e1ndar de 8 pines resistente y herm\u00e9tico, optimizado para instalaciones de montaje en panel a trav\u00e9s del casco en condiciones marinas severas con densidad de canales ultra alta. Se utiliza ampliamente en cajas de conexiones de alta capacidad en alta mar, carcasas de presi\u00f3n submarinas, paneles de control avanzados de ROV, centros de datos submarinos y embarcaciones mar\u00edtimas. Fabricado con materiales resistentes a la corrosi\u00f3n y contactos chapados en oro, alcanza un sellado IP68 superior y una alta presi\u00f3n nominal para despliegues en aguas profundas. HYSF ofrece conectores pasamuros submarinos est\u00e1ndar fiables procedentes de China.<\/p>","protected":false},"excerpt":{"rendered":"<p>The HYSF BH8M is a rugged standard 8-pin male bulkhead watertight connector optimised for panel-mount through-hull installations in severe marine conditions with ultra-high channel density. Widely<span class=\"excerpt-hellip\"> [\u2026]<\/span><\/p>","protected":false},"featured_media":1844,"comment_status":"open","ping_status":"closed","template":"","meta":{"_acf_changed":false},"product_brand":[30],"product_cat":[32],"product_tag":[],"class_list":{"0":"post-1764","1":"product","2":"type-product","3":"status-publish","4":"has-post-thumbnail","6":"product_brand-hysf","7":"product_cat-standard-circular-connectors","8":"pa_body-material-316l-stainless-steel","9":"pa_connector-type-bulkhead-receptacle","10":"pa_electrical-rating-550v-10a","11":"pa_mounting-thread-5-8-18-unf","12":"pa_number-of-contacts-8-pin","13":"pa_series-standard-series","15":"first","16":"instock","17":"shipping-taxable","18":"purchasable","19":"product-type-simple"},"acf":[],"_links":{"self":[{"href":"https:\/\/hysfsubsea.com\/es\/wp-json\/wp\/v2\/product\/1764","targetHints":{"allow":["GET"]}}],"collection":[{"href":"https:\/\/hysfsubsea.com\/es\/wp-json\/wp\/v2\/product"}],"about":[{"href":"https:\/\/hysfsubsea.com\/es\/wp-json\/wp\/v2\/types\/product"}],"replies":[{"embeddable":true,"href":"https:\/\/hysfsubsea.com\/es\/wp-json\/wp\/v2\/comments?post=1764"}],"version-history":[{"count":1,"href":"https:\/\/hysfsubsea.com\/es\/wp-json\/wp\/v2\/product\/1764\/revisions"}],"predecessor-version":[{"id":1845,"href":"https:\/\/hysfsubsea.com\/es\/wp-json\/wp\/v2\/product\/1764\/revisions\/1845"}],"wp:featuredmedia":[{"embeddable":true,"href":"https:\/\/hysfsubsea.com\/es\/wp-json\/wp\/v2\/media\/1844"}],"wp:attachment":[{"href":"https:\/\/hysfsubsea.com\/es\/wp-json\/wp\/v2\/media?parent=1764"}],"wp:term":[{"taxonomy":"product_brand","embeddable":true,"href":"https:\/\/hysfsubsea.com\/es\/wp-json\/wp\/v2\/product_brand?post=1764"},{"taxonomy":"product_cat","embeddable":true,"href":"https:\/\/hysfsubsea.com\/es\/wp-json\/wp\/v2\/product_cat?post=1764"},{"taxonomy":"product_tag","embeddable":true,"href":"https:\/\/hysfsubsea.com\/es\/wp-json\/wp\/v2\/product_tag?post=1764"}],"curies":[{"name":"wp","href":"https:\/\/api.w.org\/{rel}","templated":true}]}}