{"id":1469,"date":"2026-01-22T06:24:25","date_gmt":"2026-01-22T06:24:25","guid":{"rendered":"https:\/\/hysfsubsea.com\/?post_type=product&#038;p=1469"},"modified":"2026-01-24T16:20:37","modified_gmt":"2026-01-24T16:20:37","slug":"hysf-sfmcbpof16m-miniature-16-pin-male-open-face-wet-mate-underwater-connector","status":"publish","type":"product","link":"https:\/\/hysfsubsea.com\/fr\/product\/hysf-sfmcbpof16m-miniature-16-pin-male-open-face-wet-mate-underwater-connector\/","title":{"rendered":"HYSF SFMCBPOF16M Connecteur miniature 16 broches m\u00e2le \u00e0 face ouverte Wet-Mate pour applications sous-marines"},"content":{"rendered":"<p>Le HYSF SFMCBPOF16M est un connecteur de cloison \u00e0 16 broches m\u00e2les \u00e0 face ouverte, ultra-haute densit\u00e9, pouvant \u00eatre raccord\u00e9 par voie humide, d\u00e9velopp\u00e9 pour les syst\u00e8mes \u00e0 pression \u00e9quilibr\u00e9e remplis d'huile dans le cadre d'interventions sous-marines avanc\u00e9es. Il permet un accouplement\/d\u00e9m\u00ealage sous-marin s\u00fbr sans vidange, id\u00e9al pour les outils ROV \u00e0 grande \u00e9chelle, les ombilicaux hydrauliques \u00e9tendus et la maintenance en eaux profondes n\u00e9cessitant un maximum de canaux enfichables par voie humide. Les contacts plaqu\u00e9s or, la construction en n\u00e9opr\u00e8ne et la profondeur nominale de 6000 m\u00e8tres (60 MPa) garantissent des performances \u00e9lectriques sup\u00e9rieures et une protection contre la corrosion.<\/p>","protected":false},"excerpt":{"rendered":"<p>The HYSF SFMCBPOF16M is an ultra-high-density 16-pin male open-face wet-mateable bulkhead connector developed for pressure-balanced oil-filled systems in advanced subsea interventions. Enables safe underwater mating\/demating without<span class=\"excerpt-hellip\"> [\u2026]<\/span><\/p>","protected":false},"featured_media":1541,"comment_status":"open","ping_status":"closed","template":"","meta":{"_acf_changed":false},"product_brand":[30],"product_cat":[31],"product_tag":[],"class_list":{"0":"post-1469","1":"product","2":"type-product","3":"status-publish","4":"has-post-thumbnail","6":"product_brand-hysf","7":"product_cat-miniature-circular-connectors","8":"pa_body-material-neoprene-rubber-standard","9":"pa_connector-type-field-installable","10":"pa_electrical-rating-550v-10a","11":"pa_mounting-thread-7-16-20-unf","12":"pa_number-of-contacts-16-pin","13":"pa_series-miniature-series","15":"first","16":"instock","17":"shipping-taxable","18":"purchasable","19":"product-type-simple"},"acf":[],"_links":{"self":[{"href":"https:\/\/hysfsubsea.com\/fr\/wp-json\/wp\/v2\/product\/1469","targetHints":{"allow":["GET"]}}],"collection":[{"href":"https:\/\/hysfsubsea.com\/fr\/wp-json\/wp\/v2\/product"}],"about":[{"href":"https:\/\/hysfsubsea.com\/fr\/wp-json\/wp\/v2\/types\/product"}],"replies":[{"embeddable":true,"href":"https:\/\/hysfsubsea.com\/fr\/wp-json\/wp\/v2\/comments?post=1469"}],"version-history":[{"count":1,"href":"https:\/\/hysfsubsea.com\/fr\/wp-json\/wp\/v2\/product\/1469\/revisions"}],"predecessor-version":[{"id":1542,"href":"https:\/\/hysfsubsea.com\/fr\/wp-json\/wp\/v2\/product\/1469\/revisions\/1542"}],"wp:featuredmedia":[{"embeddable":true,"href":"https:\/\/hysfsubsea.com\/fr\/wp-json\/wp\/v2\/media\/1541"}],"wp:attachment":[{"href":"https:\/\/hysfsubsea.com\/fr\/wp-json\/wp\/v2\/media?parent=1469"}],"wp:term":[{"taxonomy":"product_brand","embeddable":true,"href":"https:\/\/hysfsubsea.com\/fr\/wp-json\/wp\/v2\/product_brand?post=1469"},{"taxonomy":"product_cat","embeddable":true,"href":"https:\/\/hysfsubsea.com\/fr\/wp-json\/wp\/v2\/product_cat?post=1469"},{"taxonomy":"product_tag","embeddable":true,"href":"https:\/\/hysfsubsea.com\/fr\/wp-json\/wp\/v2\/product_tag?post=1469"}],"curies":[{"name":"wp","href":"https:\/\/api.w.org\/{rel}","templated":true}]}}