{"id":1726,"date":"2026-01-23T01:59:39","date_gmt":"2026-01-23T01:59:39","guid":{"rendered":"https:\/\/hysfsubsea.com\/?post_type=product&#038;p=1726"},"modified":"2026-01-24T16:20:35","modified_gmt":"2026-01-24T16:20:35","slug":"hysf-dc3m-standard-3-pin-male-dummy-plug-underwater-connector","status":"publish","type":"product","link":"https:\/\/hysfsubsea.com\/fr\/product\/hysf-dc3m-standard-3-pin-male-dummy-plug-underwater-connector\/","title":{"rendered":"HYSF DC3M Standard 3-Pin Male Dummy Plug Underwater Connector (Connecteur sous-marin m\u00e2le factice \u00e0 3 broches)"},"content":{"rendered":"<p>Le HYSF DC3M est un faux connecteur m\u00e2le standard \u00e0 3 broches destin\u00e9 \u00e0 prot\u00e9ger les connecteurs inutilis\u00e9s contre la contamination et la corrosion dans les environnements marins. Indispensable pour la maintenance des \u00e9quipements offshore, le stockage des ROV et la protection des syst\u00e8mes sous-marins. Il assure un bouchage s\u00fbr et r\u00e9sistant \u00e0 la pression \u00e0 de grandes profondeurs. HYSF propose des bouchons m\u00e2les essentiels dans le cadre d'accessoires complets de connecteurs sous-marins standard en provenance de Chine.<\/p>","protected":false},"excerpt":{"rendered":"<p>The HYSF DC3M is a protective standard 3-pin male dummy plug for sealing unused connectors against contamination and corrosion in marine environments. Vital for offshore equipment<span class=\"excerpt-hellip\"> [\u2026]<\/span><\/p>","protected":false},"featured_media":1767,"comment_status":"open","ping_status":"closed","template":"","meta":{"_acf_changed":false},"product_brand":[30],"product_cat":[32],"product_tag":[],"class_list":{"0":"post-1726","1":"product","2":"type-product","3":"status-publish","4":"has-post-thumbnail","6":"product_brand-hysf","7":"product_cat-standard-circular-connectors","8":"pa_body-material-neoprene-rubber-standard","9":"pa_connector-type-dummy-plug","10":"pa_electrical-rating-550v-10a","11":"pa_mounting-thread-5-8-18-unf","12":"pa_number-of-contacts-3-pin","13":"pa_series-miniature-series","15":"first","16":"instock","17":"shipping-taxable","18":"purchasable","19":"product-type-simple"},"acf":[],"_links":{"self":[{"href":"https:\/\/hysfsubsea.com\/fr\/wp-json\/wp\/v2\/product\/1726","targetHints":{"allow":["GET"]}}],"collection":[{"href":"https:\/\/hysfsubsea.com\/fr\/wp-json\/wp\/v2\/product"}],"about":[{"href":"https:\/\/hysfsubsea.com\/fr\/wp-json\/wp\/v2\/types\/product"}],"replies":[{"embeddable":true,"href":"https:\/\/hysfsubsea.com\/fr\/wp-json\/wp\/v2\/comments?post=1726"}],"version-history":[{"count":1,"href":"https:\/\/hysfsubsea.com\/fr\/wp-json\/wp\/v2\/product\/1726\/revisions"}],"predecessor-version":[{"id":1768,"href":"https:\/\/hysfsubsea.com\/fr\/wp-json\/wp\/v2\/product\/1726\/revisions\/1768"}],"wp:featuredmedia":[{"embeddable":true,"href":"https:\/\/hysfsubsea.com\/fr\/wp-json\/wp\/v2\/media\/1767"}],"wp:attachment":[{"href":"https:\/\/hysfsubsea.com\/fr\/wp-json\/wp\/v2\/media?parent=1726"}],"wp:term":[{"taxonomy":"product_brand","embeddable":true,"href":"https:\/\/hysfsubsea.com\/fr\/wp-json\/wp\/v2\/product_brand?post=1726"},{"taxonomy":"product_cat","embeddable":true,"href":"https:\/\/hysfsubsea.com\/fr\/wp-json\/wp\/v2\/product_cat?post=1726"},{"taxonomy":"product_tag","embeddable":true,"href":"https:\/\/hysfsubsea.com\/fr\/wp-json\/wp\/v2\/product_tag?post=1726"}],"curies":[{"name":"wp","href":"https:\/\/api.w.org\/{rel}","templated":true}]}}