{"id":1734,"date":"2026-01-23T01:59:37","date_gmt":"2026-01-23T01:59:37","guid":{"rendered":"https:\/\/hysfsubsea.com\/?post_type=product&#038;p=1734"},"modified":"2026-01-24T16:20:34","modified_gmt":"2026-01-24T16:20:34","slug":"hysf-dc4m-standard-4-pin-male-dummy-plug-underwater-connector","status":"publish","type":"product","link":"https:\/\/hysfsubsea.com\/fr\/product\/hysf-dc4m-standard-4-pin-male-dummy-plug-underwater-connector\/","title":{"rendered":"HYSF DC4M Standard 4-Pin Male Dummy Plug Underwater Connector (Connecteur sous-marin m\u00e2le fictif \u00e0 4 broches)"},"content":{"rendered":"<p>Le HYSF DC4M est un faux connecteur m\u00e2le standard \u00e0 4 broches con\u00e7u pour sceller et prot\u00e9ger les connecteurs m\u00e2les inutilis\u00e9s de la contamination, de la p\u00e9n\u00e9tration de l'eau de mer et de la corrosion dans les environnements offshore difficiles. Accessoire essentiel pour maintenir l'int\u00e9grit\u00e9 du syst\u00e8me pendant le stockage, le transport ou le d\u00e9ploiement de ROV, d'\u00e9quipements sous-marins et d'installations marines. Fabriqu\u00e9s \u00e0 partir de mat\u00e9riaux durables et dot\u00e9s d'un verrouillage s\u00fbr, ils assurent une \u00e9tanch\u00e9it\u00e9 compl\u00e8te et r\u00e9sistante \u00e0 la pression \u00e0 de grandes profondeurs oc\u00e9aniques. HYSF propose des bouchons factices et des accessoires de protection fiables pour les connecteurs sous-marins standard en provenance de Chine.<\/p>","protected":false},"excerpt":{"rendered":"<p>The HYSF DC4M is a protective standard 4-pin male dummy plug designed to seal and protect unused male connectors from contamination, seawater ingress, and corrosion in<span class=\"excerpt-hellip\"> [\u2026]<\/span><\/p>","protected":false},"featured_media":1789,"comment_status":"open","ping_status":"closed","template":"","meta":{"_acf_changed":false},"product_brand":[30],"product_cat":[32],"product_tag":[],"class_list":{"0":"post-1734","1":"product","2":"type-product","3":"status-publish","4":"has-post-thumbnail","6":"product_brand-hysf","7":"product_cat-standard-circular-connectors","8":"pa_body-material-neoprene-rubber-standard","9":"pa_connector-type-dummy-plug","10":"pa_electrical-rating-550v-10a","11":"pa_mounting-thread-5-8-18-unf","12":"pa_number-of-contacts-4-pin","13":"pa_series-standard-series","15":"first","16":"instock","17":"shipping-taxable","18":"purchasable","19":"product-type-simple"},"acf":[],"_links":{"self":[{"href":"https:\/\/hysfsubsea.com\/fr\/wp-json\/wp\/v2\/product\/1734","targetHints":{"allow":["GET"]}}],"collection":[{"href":"https:\/\/hysfsubsea.com\/fr\/wp-json\/wp\/v2\/product"}],"about":[{"href":"https:\/\/hysfsubsea.com\/fr\/wp-json\/wp\/v2\/types\/product"}],"replies":[{"embeddable":true,"href":"https:\/\/hysfsubsea.com\/fr\/wp-json\/wp\/v2\/comments?post=1734"}],"version-history":[{"count":1,"href":"https:\/\/hysfsubsea.com\/fr\/wp-json\/wp\/v2\/product\/1734\/revisions"}],"predecessor-version":[{"id":1790,"href":"https:\/\/hysfsubsea.com\/fr\/wp-json\/wp\/v2\/product\/1734\/revisions\/1790"}],"wp:featuredmedia":[{"embeddable":true,"href":"https:\/\/hysfsubsea.com\/fr\/wp-json\/wp\/v2\/media\/1789"}],"wp:attachment":[{"href":"https:\/\/hysfsubsea.com\/fr\/wp-json\/wp\/v2\/media?parent=1734"}],"wp:term":[{"taxonomy":"product_brand","embeddable":true,"href":"https:\/\/hysfsubsea.com\/fr\/wp-json\/wp\/v2\/product_brand?post=1734"},{"taxonomy":"product_cat","embeddable":true,"href":"https:\/\/hysfsubsea.com\/fr\/wp-json\/wp\/v2\/product_cat?post=1734"},{"taxonomy":"product_tag","embeddable":true,"href":"https:\/\/hysfsubsea.com\/fr\/wp-json\/wp\/v2\/product_tag?post=1734"}],"curies":[{"name":"wp","href":"https:\/\/api.w.org\/{rel}","templated":true}]}}