{"id":2161,"date":"2026-01-24T07:43:01","date_gmt":"2026-01-24T07:43:01","guid":{"rendered":"https:\/\/hysfsubsea.com\/?post_type=product&#038;p=2161"},"modified":"2026-01-24T16:19:53","modified_gmt":"2026-01-24T16:19:53","slug":"hysf-sfcxbhra5-ultra-small-right-angle-5-core-male-bulkhead-underwater-connector","status":"publish","type":"product","link":"https:\/\/hysfsubsea.com\/fr\/product\/hysf-sfcxbhra5-ultra-small-right-angle-5-core-male-bulkhead-underwater-connector\/","title":{"rendered":"HYSF SFCXBHRA5 Connecteur sous-marin m\u00e2le \u00e0 t\u00eate bomb\u00e9e \u00e0 angle droit, ultra petit, \u00e0 5 conducteurs"},"content":{"rendered":"<p>The HYSF SFCXBHRA5 is an ultra-compact right-angle 5-core male bulkhead watertight connector engineered for the most confined deep-sea installations requiring high-density multi-channel transmission and 90-degree cable routing. Ideal for sophisticated micro-ROVs, AUV advanced sensor suites, underwater compact data acquisition systems, and marine robotics in extreme space limitations. Precision-manufactured with marine-grade materials, gold-plated contacts, and robust right-angle construction, it provides IP68 sealing and full 6000-meter depth rating (60 MPa). Superior corrosion resistance and reliability make it perfect for offshore ultra-small right-angle connectors and deep-ocean compact subsea electrical solutions from HYSF.<\/p>","protected":false},"excerpt":{"rendered":"<p>The HYSF SFCXBHRA5 is an ultra-compact right-angle 5-core male bulkhead watertight connector engineered for the most confined deep-sea installations requiring high-density multi-channel transmission and 90-degree cable<span class=\"excerpt-hellip\"> [\u2026]<\/span><\/p>","protected":false},"featured_media":2196,"comment_status":"open","ping_status":"closed","template":"","meta":{"_acf_changed":false},"product_brand":[30],"product_cat":[101],"product_tag":[],"class_list":{"0":"post-2161","1":"product","2":"type-product","3":"status-publish","4":"has-post-thumbnail","6":"product_brand-hysf","7":"product_cat-ultra-small-waterproof-connector","8":"pa_body-material-316l-stainless-steel","9":"pa_connector-type-bulkhead-receptacle","10":"pa_electrical-rating-550v-2a","11":"pa_mounting-thread-5-16-24unf","12":"pa_number-of-contacts-5-pin","13":"pa_series-ultra-small-series","15":"first","16":"instock","17":"shipping-taxable","18":"purchasable","19":"product-type-simple"},"acf":[],"_links":{"self":[{"href":"https:\/\/hysfsubsea.com\/fr\/wp-json\/wp\/v2\/product\/2161","targetHints":{"allow":["GET"]}}],"collection":[{"href":"https:\/\/hysfsubsea.com\/fr\/wp-json\/wp\/v2\/product"}],"about":[{"href":"https:\/\/hysfsubsea.com\/fr\/wp-json\/wp\/v2\/types\/product"}],"replies":[{"embeddable":true,"href":"https:\/\/hysfsubsea.com\/fr\/wp-json\/wp\/v2\/comments?post=2161"}],"version-history":[{"count":1,"href":"https:\/\/hysfsubsea.com\/fr\/wp-json\/wp\/v2\/product\/2161\/revisions"}],"predecessor-version":[{"id":2197,"href":"https:\/\/hysfsubsea.com\/fr\/wp-json\/wp\/v2\/product\/2161\/revisions\/2197"}],"wp:featuredmedia":[{"embeddable":true,"href":"https:\/\/hysfsubsea.com\/fr\/wp-json\/wp\/v2\/media\/2196"}],"wp:attachment":[{"href":"https:\/\/hysfsubsea.com\/fr\/wp-json\/wp\/v2\/media?parent=2161"}],"wp:term":[{"taxonomy":"product_brand","embeddable":true,"href":"https:\/\/hysfsubsea.com\/fr\/wp-json\/wp\/v2\/product_brand?post=2161"},{"taxonomy":"product_cat","embeddable":true,"href":"https:\/\/hysfsubsea.com\/fr\/wp-json\/wp\/v2\/product_cat?post=2161"},{"taxonomy":"product_tag","embeddable":true,"href":"https:\/\/hysfsubsea.com\/fr\/wp-json\/wp\/v2\/product_tag?post=2161"}],"curies":[{"name":"wp","href":"https:\/\/api.w.org\/{rel}","templated":true}]}}