{"id":2232,"date":"2026-01-24T13:25:04","date_gmt":"2026-01-24T13:25:04","guid":{"rendered":"https:\/\/hysfsubsea.com\/?post_type=product&#038;p=2232"},"modified":"2026-01-24T16:19:51","modified_gmt":"2026-01-24T16:19:51","slug":"hysf-sfyxbh6m-round-small-6-core-male-bulkhead-underwater-connector","status":"publish","type":"product","link":"https:\/\/hysfsubsea.com\/fr\/product\/hysf-sfyxbh6m-round-small-6-core-male-bulkhead-underwater-connector\/","title":{"rendered":"HYSF SFYXBH6M Connecteur sous-marin rond, petit, \u00e0 t\u00eate m\u00e2le, \u00e0 6 conducteurs"},"content":{"rendered":"<p>The HYSF SFYXBH6M is a rugged round small 6-core male bulkhead watertight connector optimised for panel-mount through-hull installations in space-constrained marine environments with higher channel density. Widely used in subsea housings, ROV multi-control junctions, underwater telemetry systems, and marine vessels requiring secure round small sealed penetrations. Manufactured with corrosion-resistant materials, gold-plated contacts, and compact round design, it achieves superior IP68 sealing and high pressure rating for deep ocean deployments. Excellent durability ensures reliability in offshore round small 6-core bulkhead underwater connectors from HYSF.<\/p>","protected":false},"excerpt":{"rendered":"<p>The HYSF SFYXBH6M is a rugged round small 6-core male bulkhead watertight connector optimised for panel-mount through-hull installations in space-constrained marine environments with higher channel density.<span class=\"excerpt-hellip\"> [\u2026]<\/span><\/p>","protected":false},"featured_media":2269,"comment_status":"open","ping_status":"closed","template":"","meta":{"_acf_changed":false},"product_brand":[30],"product_cat":[111],"product_tag":[],"class_list":{"0":"post-2232","1":"product","2":"type-product","3":"status-publish","4":"has-post-thumbnail","6":"product_brand-hysf","7":"product_cat-round-small-connectors","8":"pa_body-material-neoprene-rubber-standard","9":"pa_connector-type-inline-receptacle","10":"pa_electrical-rating-550v-5a","11":"pa_mounting-thread-3-8-24unf","12":"pa_number-of-contacts-6-pin","13":"pa_series-round-small-connector","15":"first","16":"instock","17":"shipping-taxable","18":"purchasable","19":"product-type-simple"},"acf":[],"_links":{"self":[{"href":"https:\/\/hysfsubsea.com\/fr\/wp-json\/wp\/v2\/product\/2232","targetHints":{"allow":["GET"]}}],"collection":[{"href":"https:\/\/hysfsubsea.com\/fr\/wp-json\/wp\/v2\/product"}],"about":[{"href":"https:\/\/hysfsubsea.com\/fr\/wp-json\/wp\/v2\/types\/product"}],"replies":[{"embeddable":true,"href":"https:\/\/hysfsubsea.com\/fr\/wp-json\/wp\/v2\/comments?post=2232"}],"version-history":[{"count":1,"href":"https:\/\/hysfsubsea.com\/fr\/wp-json\/wp\/v2\/product\/2232\/revisions"}],"predecessor-version":[{"id":2270,"href":"https:\/\/hysfsubsea.com\/fr\/wp-json\/wp\/v2\/product\/2232\/revisions\/2270"}],"wp:featuredmedia":[{"embeddable":true,"href":"https:\/\/hysfsubsea.com\/fr\/wp-json\/wp\/v2\/media\/2269"}],"wp:attachment":[{"href":"https:\/\/hysfsubsea.com\/fr\/wp-json\/wp\/v2\/media?parent=2232"}],"wp:term":[{"taxonomy":"product_brand","embeddable":true,"href":"https:\/\/hysfsubsea.com\/fr\/wp-json\/wp\/v2\/product_brand?post=2232"},{"taxonomy":"product_cat","embeddable":true,"href":"https:\/\/hysfsubsea.com\/fr\/wp-json\/wp\/v2\/product_cat?post=2232"},{"taxonomy":"product_tag","embeddable":true,"href":"https:\/\/hysfsubsea.com\/fr\/wp-json\/wp\/v2\/product_tag?post=2232"}],"curies":[{"name":"wp","href":"https:\/\/api.w.org\/{rel}","templated":true}]}}