{"id":2296,"date":"2026-01-24T14:34:36","date_gmt":"2026-01-24T14:34:36","guid":{"rendered":"https:\/\/hysfsubsea.com\/?post_type=product&#038;p=2296"},"modified":"2026-01-24T16:19:50","modified_gmt":"2026-01-24T16:19:50","slug":"hysf-sfcoebh4m-high-current-4-core-5-8-male-bulkhead-underwater-connector","status":"publish","type":"product","link":"https:\/\/hysfsubsea.com\/fr\/product\/hysf-sfcoebh4m-high-current-4-core-5-8-male-bulkhead-underwater-connector\/","title":{"rendered":"HYSF SFCOEBH4M Connecteur sous-marin \u00e0 4 conducteurs 5\/8 m\u00e2le \u00e0 t\u00eate bomb\u00e9e pour courant fort"},"content":{"rendered":"<p>The HYSF SFCOEBH4M is a rugged high current 4-core male bulkhead watertight connector with 5\/8 thread, optimised for panel-mount through-hull installations in high-power marine applications. Widely used in offshore platforms, subsea junction boxes, ROV four-phase interfaces, and marine vessels requiring dependable sealed high-amperage penetrations. Manufactured with corrosion-resistant materials and gold-plated contacts, it achieves superior IP68 sealing and high pressure rating for deep ocean deployments. HYSF delivers reliable high current 4-core 5\/8 thread subsea bulkhead connectors from China.<\/p>","protected":false},"excerpt":{"rendered":"<p>The HYSF SFCOEBH4M is a rugged high current 4-core male bulkhead watertight connector with 5\/8 thread, optimised for panel-mount through-hull installations in high-power marine applications. Widely<span class=\"excerpt-hellip\"> [\u2026]<\/span><\/p>","protected":false},"featured_media":2344,"comment_status":"open","ping_status":"closed","template":"","meta":{"_acf_changed":false},"product_brand":[30],"product_cat":[33],"product_tag":[],"class_list":{"0":"post-2296","1":"product","2":"type-product","3":"status-publish","4":"has-post-thumbnail","6":"product_brand-hysf","7":"product_cat-high-current-power-connectors","8":"pa_body-material-316l-stainless-steel","9":"pa_connector-type-bulkhead-receptacle","10":"pa_electrical-rating-550v-30a","11":"pa_mounting-thread-5-8-18-unf","12":"pa_number-of-contacts-4-pin","13":"pa_series-high-power-series","15":"first","16":"instock","17":"shipping-taxable","18":"purchasable","19":"product-type-simple"},"acf":[],"_links":{"self":[{"href":"https:\/\/hysfsubsea.com\/fr\/wp-json\/wp\/v2\/product\/2296","targetHints":{"allow":["GET"]}}],"collection":[{"href":"https:\/\/hysfsubsea.com\/fr\/wp-json\/wp\/v2\/product"}],"about":[{"href":"https:\/\/hysfsubsea.com\/fr\/wp-json\/wp\/v2\/types\/product"}],"replies":[{"embeddable":true,"href":"https:\/\/hysfsubsea.com\/fr\/wp-json\/wp\/v2\/comments?post=2296"}],"version-history":[{"count":1,"href":"https:\/\/hysfsubsea.com\/fr\/wp-json\/wp\/v2\/product\/2296\/revisions"}],"predecessor-version":[{"id":2345,"href":"https:\/\/hysfsubsea.com\/fr\/wp-json\/wp\/v2\/product\/2296\/revisions\/2345"}],"wp:featuredmedia":[{"embeddable":true,"href":"https:\/\/hysfsubsea.com\/fr\/wp-json\/wp\/v2\/media\/2344"}],"wp:attachment":[{"href":"https:\/\/hysfsubsea.com\/fr\/wp-json\/wp\/v2\/media?parent=2296"}],"wp:term":[{"taxonomy":"product_brand","embeddable":true,"href":"https:\/\/hysfsubsea.com\/fr\/wp-json\/wp\/v2\/product_brand?post=2296"},{"taxonomy":"product_cat","embeddable":true,"href":"https:\/\/hysfsubsea.com\/fr\/wp-json\/wp\/v2\/product_cat?post=2296"},{"taxonomy":"product_tag","embeddable":true,"href":"https:\/\/hysfsubsea.com\/fr\/wp-json\/wp\/v2\/product_tag?post=2296"}],"curies":[{"name":"wp","href":"https:\/\/api.w.org\/{rel}","templated":true}]}}