{"id":1458,"date":"2026-01-22T06:24:24","date_gmt":"2026-01-22T06:24:24","guid":{"rendered":"https:\/\/hysfsubsea.com\/?post_type=product&#038;p=1458"},"modified":"2026-01-24T16:20:39","modified_gmt":"2026-01-24T16:20:39","slug":"hysf-mcil13f-miniature-circular-13-pin-female-inline-underwater-connector","status":"publish","type":"product","link":"https:\/\/hysfsubsea.com\/nb\/product\/hysf-mcil13f-miniature-circular-13-pin-female-inline-underwater-connector\/","title":{"rendered":"HYSF MCIL13F Miniatyrsirkul\u00e6r 13-pinners innvendig undervannskontakt med hunner"},"content":{"rendered":"<p>HYSF MCIL13F er en kompakt 13-kjerners vanntett hunnkontakt optimalisert for tilpasset flerkanalsoverf\u00f8ring under t\u00f8ffe undervannsforhold. Perfekt for spesialiserte, kompakte systemer som krever et ikke-standard antall pinner i ROV-er, AUV-moduler, tilpassede undervannssensorer og marinvitenskapelige enheter. Den er presisjonsfremstilt med f\u00f8rsteklasses marine materialer, gullbelagte kontakter og et slitesterkt neoprenhus, og er vanntett i henhold til IP68 og t\u00e5ler 60 MPa trykk (6000 m dybde). Utmerket korrosjonsbestandighet og minimal kontaktmotstand gj\u00f8r den ideell for undervannskontakter p\u00e5 dypt vann og til havs.<\/p>","protected":false},"excerpt":{"rendered":"<p>The HYSF MCIL13F is a compact 13-core female inline watertight connector optimized for custom multi-channel transmission in harsh underwater conditions. Perfect for specialized compact systems requiring<span class=\"excerpt-hellip\"> [\u2026]<\/span><\/p>","protected":false},"featured_media":1516,"comment_status":"open","ping_status":"closed","template":"","meta":{"_acf_changed":false},"product_brand":[30],"product_cat":[31],"product_tag":[],"class_list":{"0":"post-1458","1":"product","2":"type-product","3":"status-publish","4":"has-post-thumbnail","6":"product_brand-hysf","7":"product_cat-miniature-circular-connectors","8":"pa_body-material-neoprene-rubber-standard","9":"pa_connector-type-inline-receptacle","10":"pa_electrical-rating-550v-10a","11":"pa_mounting-thread-7-16-20-unf","12":"pa_number-of-contacts-13-pin","13":"pa_series-miniature-series","15":"first","16":"instock","17":"shipping-taxable","18":"purchasable","19":"product-type-simple"},"acf":[],"_links":{"self":[{"href":"https:\/\/hysfsubsea.com\/nb\/wp-json\/wp\/v2\/product\/1458","targetHints":{"allow":["GET"]}}],"collection":[{"href":"https:\/\/hysfsubsea.com\/nb\/wp-json\/wp\/v2\/product"}],"about":[{"href":"https:\/\/hysfsubsea.com\/nb\/wp-json\/wp\/v2\/types\/product"}],"replies":[{"embeddable":true,"href":"https:\/\/hysfsubsea.com\/nb\/wp-json\/wp\/v2\/comments?post=1458"}],"version-history":[{"count":1,"href":"https:\/\/hysfsubsea.com\/nb\/wp-json\/wp\/v2\/product\/1458\/revisions"}],"predecessor-version":[{"id":1517,"href":"https:\/\/hysfsubsea.com\/nb\/wp-json\/wp\/v2\/product\/1458\/revisions\/1517"}],"wp:featuredmedia":[{"embeddable":true,"href":"https:\/\/hysfsubsea.com\/nb\/wp-json\/wp\/v2\/media\/1516"}],"wp:attachment":[{"href":"https:\/\/hysfsubsea.com\/nb\/wp-json\/wp\/v2\/media?parent=1458"}],"wp:term":[{"taxonomy":"product_brand","embeddable":true,"href":"https:\/\/hysfsubsea.com\/nb\/wp-json\/wp\/v2\/product_brand?post=1458"},{"taxonomy":"product_cat","embeddable":true,"href":"https:\/\/hysfsubsea.com\/nb\/wp-json\/wp\/v2\/product_cat?post=1458"},{"taxonomy":"product_tag","embeddable":true,"href":"https:\/\/hysfsubsea.com\/nb\/wp-json\/wp\/v2\/product_tag?post=1458"}],"curies":[{"name":"wp","href":"https:\/\/api.w.org\/{rel}","templated":true}]}}