{"id":1464,"date":"2026-01-22T06:24:24","date_gmt":"2026-01-22T06:24:24","guid":{"rendered":"https:\/\/hysfsubsea.com\/?post_type=product&#038;p=1464"},"modified":"2026-01-24T16:20:38","modified_gmt":"2026-01-24T16:20:38","slug":"hysf-mcdc13f-miniature-13-pin-female-dummy-plug-underwater-connector","status":"publish","type":"product","link":"https:\/\/hysfsubsea.com\/nb\/product\/hysf-mcdc13f-miniature-13-pin-female-dummy-plug-underwater-connector\/","title":{"rendered":"HYSF MCDC13F Miniatyr 13-pinners undervannskontakt for dummy\/plugg av hunntype"},"content":{"rendered":"<p>HYSF MCDC13F er en robust 13-pinners hunnkontakt som er utformet for \u00e5 beskytte \u00e5pne hunnkontakter mot vann, rusk og korrosjon n\u00e5r de er frakoblet. Den er konstruert med neopren av h\u00f8y kvalitet og p\u00e5litelig gjenging, og gir fullstendig tetning p\u00e5 dybder opp til 6000 meter (60 MPa). Avgj\u00f8rende for \u00e5 forlenge levetiden til spesialiserte kontakter i undervannsrobotikk og offshore-installasjoner.<\/p>","protected":false},"excerpt":{"rendered":"<p>The HYSF MCDC13F is a robust 13-pin female dummy connector designed to safeguard open female receptacles from water, debris, and corrosion when disconnected. Constructed with high-quality<span class=\"excerpt-hellip\"> [\u2026]<\/span><\/p>","protected":false},"featured_media":1531,"comment_status":"open","ping_status":"closed","template":"","meta":{"_acf_changed":false},"product_brand":[30],"product_cat":[31],"product_tag":[],"class_list":{"0":"post-1464","1":"product","2":"type-product","3":"status-publish","4":"has-post-thumbnail","6":"product_brand-hysf","7":"product_cat-miniature-circular-connectors","8":"pa_body-material-neoprene-rubber-standard","9":"pa_connector-type-dummy-plug","10":"pa_electrical-rating-550v-10a","11":"pa_mounting-thread-7-16-20-unf","12":"pa_number-of-contacts-13-pin","13":"pa_series-miniature-series","15":"first","16":"instock","17":"shipping-taxable","18":"purchasable","19":"product-type-simple"},"acf":[],"_links":{"self":[{"href":"https:\/\/hysfsubsea.com\/nb\/wp-json\/wp\/v2\/product\/1464","targetHints":{"allow":["GET"]}}],"collection":[{"href":"https:\/\/hysfsubsea.com\/nb\/wp-json\/wp\/v2\/product"}],"about":[{"href":"https:\/\/hysfsubsea.com\/nb\/wp-json\/wp\/v2\/types\/product"}],"replies":[{"embeddable":true,"href":"https:\/\/hysfsubsea.com\/nb\/wp-json\/wp\/v2\/comments?post=1464"}],"version-history":[{"count":1,"href":"https:\/\/hysfsubsea.com\/nb\/wp-json\/wp\/v2\/product\/1464\/revisions"}],"predecessor-version":[{"id":1532,"href":"https:\/\/hysfsubsea.com\/nb\/wp-json\/wp\/v2\/product\/1464\/revisions\/1532"}],"wp:featuredmedia":[{"embeddable":true,"href":"https:\/\/hysfsubsea.com\/nb\/wp-json\/wp\/v2\/media\/1531"}],"wp:attachment":[{"href":"https:\/\/hysfsubsea.com\/nb\/wp-json\/wp\/v2\/media?parent=1464"}],"wp:term":[{"taxonomy":"product_brand","embeddable":true,"href":"https:\/\/hysfsubsea.com\/nb\/wp-json\/wp\/v2\/product_brand?post=1464"},{"taxonomy":"product_cat","embeddable":true,"href":"https:\/\/hysfsubsea.com\/nb\/wp-json\/wp\/v2\/product_cat?post=1464"},{"taxonomy":"product_tag","embeddable":true,"href":"https:\/\/hysfsubsea.com\/nb\/wp-json\/wp\/v2\/product_tag?post=1464"}],"curies":[{"name":"wp","href":"https:\/\/api.w.org\/{rel}","templated":true}]}}