{"id":1592,"date":"2026-01-22T07:08:10","date_gmt":"2026-01-22T07:08:10","guid":{"rendered":"https:\/\/hysfsubsea.com\/?post_type=product&#038;p=1592"},"modified":"2026-01-24T16:20:35","modified_gmt":"2026-01-24T16:20:35","slug":"hysf-mcilra13f-l-angle-miniature-circular-13-pin-female-inline-underwater-connector","status":"publish","type":"product","link":"https:\/\/hysfsubsea.com\/nb\/product\/hysf-mcilra13f-l-angle-miniature-circular-13-pin-female-inline-underwater-connector\/","title":{"rendered":"HYSF MCILRA13F L-vinklet, sirkul\u00e6r miniatyr 13-pinners innvendig undervannskontakt"},"content":{"rendered":"<p>HYSF MCILRA13F er en kompakt L-vinkel 13-kjerners vanntett hunnkontakt optimalisert for plassbegrensede undervannsprosjekter som krever rettvinklet ruting og tilpasset vanntett ytelse for flere kanaler. Den er ideell for spesialiserte AUV-moduler, ROV-verkt\u00f8ygrensesnitt, undervannssensorer med oddetallspinner og marinvitenskapelige oppsett. Den er presisjonsfremstilt med h\u00f8ykvalitetsmaterialer, gullbelagte kontakter og overst\u00f8ping i neopren, noe som sikrer IP68-beskyttelse og full havdybdeklassifisering (6000 m, 60 MPa). Utmerket holdbarhet for spesialiserte 90-graders kontakter p\u00e5 dypt hav.<\/p>","protected":false},"excerpt":{"rendered":"<p>The HYSF MCILRA13F is a compact L-angle 13-core female inline watertight connector optimised for space-limited subsea projects needing right-angle routing and custom multi-channel waterproof performance. Ideal<span class=\"excerpt-hellip\"> [\u2026]<\/span><\/p>","protected":false},"featured_media":1629,"comment_status":"open","ping_status":"closed","template":"","meta":{"_acf_changed":false},"product_brand":[30],"product_cat":[31],"product_tag":[],"class_list":{"0":"post-1592","1":"product","2":"type-product","3":"status-publish","4":"has-post-thumbnail","6":"product_brand-hysf","7":"product_cat-miniature-circular-connectors","8":"pa_body-material-neoprene-rubber-standard","9":"pa_connector-type-field-installable","10":"pa_number-of-contacts-13-pin","11":"pa_series-right-angle-series","13":"first","14":"instock","15":"shipping-taxable","16":"purchasable","17":"product-type-simple"},"acf":[],"_links":{"self":[{"href":"https:\/\/hysfsubsea.com\/nb\/wp-json\/wp\/v2\/product\/1592","targetHints":{"allow":["GET"]}}],"collection":[{"href":"https:\/\/hysfsubsea.com\/nb\/wp-json\/wp\/v2\/product"}],"about":[{"href":"https:\/\/hysfsubsea.com\/nb\/wp-json\/wp\/v2\/types\/product"}],"replies":[{"embeddable":true,"href":"https:\/\/hysfsubsea.com\/nb\/wp-json\/wp\/v2\/comments?post=1592"}],"version-history":[{"count":1,"href":"https:\/\/hysfsubsea.com\/nb\/wp-json\/wp\/v2\/product\/1592\/revisions"}],"predecessor-version":[{"id":1630,"href":"https:\/\/hysfsubsea.com\/nb\/wp-json\/wp\/v2\/product\/1592\/revisions\/1630"}],"wp:featuredmedia":[{"embeddable":true,"href":"https:\/\/hysfsubsea.com\/nb\/wp-json\/wp\/v2\/media\/1629"}],"wp:attachment":[{"href":"https:\/\/hysfsubsea.com\/nb\/wp-json\/wp\/v2\/media?parent=1592"}],"wp:term":[{"taxonomy":"product_brand","embeddable":true,"href":"https:\/\/hysfsubsea.com\/nb\/wp-json\/wp\/v2\/product_brand?post=1592"},{"taxonomy":"product_cat","embeddable":true,"href":"https:\/\/hysfsubsea.com\/nb\/wp-json\/wp\/v2\/product_cat?post=1592"},{"taxonomy":"product_tag","embeddable":true,"href":"https:\/\/hysfsubsea.com\/nb\/wp-json\/wp\/v2\/product_tag?post=1592"}],"curies":[{"name":"wp","href":"https:\/\/api.w.org\/{rel}","templated":true}]}}