{"id":1642,"date":"2026-01-22T08:14:24","date_gmt":"2026-01-22T08:14:24","guid":{"rendered":"https:\/\/hysfsubsea.com\/?post_type=product&#038;p=1642"},"modified":"2026-01-24T16:20:35","modified_gmt":"2026-01-24T16:20:35","slug":"hysf-il2f-standard-2-pin-female-inline-underwater-connector","status":"publish","type":"product","link":"https:\/\/hysfsubsea.com\/nb\/product\/hysf-il2f-standard-2-pin-female-inline-underwater-connector\/","title":{"rendered":"HYSF IL2F Standard 2-pinners hunnkontakt for undervannsbruk"},"content":{"rendered":"<p>HYSF IL2F er en slitesterk, standard 2-pinners vanntett hunnkontakt utformet for krevende undervannsmilj\u00f8er med behov for sikre kabel-til-kabel-tilkoblinger. Perfekt for offshore str\u00f8mdistribusjon, ROV-kontrollinjer, undervannssensorer og marine systemer som krever langvarig vanntett p\u00e5litelighet. Den er presisjonskonstruert med gullbelagte kontakter, robust tetning og konstruksjon av marin kvalitet, og gir enest\u00e5ende trykkmotstand og korrosjonsbeskyttelse p\u00e5 store havdyp. HYSF, Kinas ledende leverand\u00f8r av vanntette standardkontakter for undervannsbruk, leverer velpr\u00f8vde l\u00f8sninger for undervannsutstyr, offshore leting og krevende marine elektriske tilkoblinger.<\/p>","protected":false},"excerpt":{"rendered":"<p>The HYSF IL2F is a durable standard 2-pin female inline watertight connector designed for demanding subsea environments needing secure cable-to-cable connections. Perfect for offshore power distribution,<span class=\"excerpt-hellip\"> [\u2026]<\/span><\/p>","protected":false},"featured_media":1673,"comment_status":"open","ping_status":"closed","template":"","meta":{"_acf_changed":false},"product_brand":[30],"product_cat":[32],"product_tag":[],"class_list":{"0":"post-1642","1":"product","2":"type-product","3":"status-publish","4":"has-post-thumbnail","6":"product_brand-hysf","7":"product_cat-standard-circular-connectors","8":"pa_connector-type-inline-receptacle","9":"pa_electrical-rating-550v-10a","10":"pa_mounting-thread-5-8-18-unf","11":"pa_number-of-contacts-2-pin","12":"pa_series-standard-series","14":"first","15":"instock","16":"shipping-taxable","17":"purchasable","18":"product-type-simple"},"acf":[],"_links":{"self":[{"href":"https:\/\/hysfsubsea.com\/nb\/wp-json\/wp\/v2\/product\/1642","targetHints":{"allow":["GET"]}}],"collection":[{"href":"https:\/\/hysfsubsea.com\/nb\/wp-json\/wp\/v2\/product"}],"about":[{"href":"https:\/\/hysfsubsea.com\/nb\/wp-json\/wp\/v2\/types\/product"}],"replies":[{"embeddable":true,"href":"https:\/\/hysfsubsea.com\/nb\/wp-json\/wp\/v2\/comments?post=1642"}],"version-history":[{"count":1,"href":"https:\/\/hysfsubsea.com\/nb\/wp-json\/wp\/v2\/product\/1642\/revisions"}],"predecessor-version":[{"id":1674,"href":"https:\/\/hysfsubsea.com\/nb\/wp-json\/wp\/v2\/product\/1642\/revisions\/1674"}],"wp:featuredmedia":[{"embeddable":true,"href":"https:\/\/hysfsubsea.com\/nb\/wp-json\/wp\/v2\/media\/1673"}],"wp:attachment":[{"href":"https:\/\/hysfsubsea.com\/nb\/wp-json\/wp\/v2\/media?parent=1642"}],"wp:term":[{"taxonomy":"product_brand","embeddable":true,"href":"https:\/\/hysfsubsea.com\/nb\/wp-json\/wp\/v2\/product_brand?post=1642"},{"taxonomy":"product_cat","embeddable":true,"href":"https:\/\/hysfsubsea.com\/nb\/wp-json\/wp\/v2\/product_cat?post=1642"},{"taxonomy":"product_tag","embeddable":true,"href":"https:\/\/hysfsubsea.com\/nb\/wp-json\/wp\/v2\/product_tag?post=1642"}],"curies":[{"name":"wp","href":"https:\/\/api.w.org\/{rel}","templated":true}]}}