{"id":1644,"date":"2026-01-22T08:14:24","date_gmt":"2026-01-22T08:14:24","guid":{"rendered":"https:\/\/hysfsubsea.com\/?post_type=product&#038;p=1644"},"modified":"2026-01-24T16:20:35","modified_gmt":"2026-01-24T16:20:35","slug":"hysf-bh2f-standard-2-pin-female-bulkhead-underwater-connector","status":"publish","type":"product","link":"https:\/\/hysfsubsea.com\/nb\/product\/hysf-bh2f-standard-2-pin-female-bulkhead-underwater-connector\/","title":{"rendered":"HYSF BH2F Standard 2-pinners hunnkontakt for undervannsskott"},"content":{"rendered":"<p>HYSF BH2F er en h\u00f8ytytende standard 2-pinners vanntett hunnkontakt for skottet, konstruert for p\u00e5litelig panelmontering i dypvannsutstyr. Den er uunnv\u00e6rlig for undervannssensorer, offshore-overv\u00e5kingssystemer, ROV-grensesnitt og marin instrumentering som krever robuste gjennomg\u00e5ende skottforbindelser. Konstruert med korrosjonsbestandige materialer, gullbelagte kontakter og sterk tetning, gir den eksepsjonell holdbarhet og trykkmotstand over hele havdypet. Som en erfaren leverand\u00f8r i Kina leverer HYSF standard undervannsskottkoblinger av topp kvalitet til offshore olje- og gassprosjekter, subsea-prosjekter og marine tekniske applikasjoner.<\/p>","protected":false},"excerpt":{"rendered":"<p>The HYSF BH2F is a high-performance standard 2-pin female bulkhead watertight connector engineered for reliable panel mounting in deep-water equipment. Essential for subsea sensors, offshore monitoring<span class=\"excerpt-hellip\"> [\u2026]<\/span><\/p>","protected":false},"featured_media":1677,"comment_status":"open","ping_status":"closed","template":"","meta":{"_acf_changed":false},"product_brand":[30],"product_cat":[32],"product_tag":[],"class_list":{"0":"post-1644","1":"product","2":"type-product","3":"status-publish","4":"has-post-thumbnail","6":"product_brand-hysf","7":"product_cat-standard-circular-connectors","8":"pa_body-material-316l-stainless-steel","9":"pa_connector-type-bulkhead-receptacle","10":"pa_electrical-rating-550v-10a","11":"pa_mounting-thread-5-8-18-unf","12":"pa_number-of-contacts-2-pin","13":"pa_series-standard-series","15":"first","16":"instock","17":"shipping-taxable","18":"purchasable","19":"product-type-simple"},"acf":[],"_links":{"self":[{"href":"https:\/\/hysfsubsea.com\/nb\/wp-json\/wp\/v2\/product\/1644","targetHints":{"allow":["GET"]}}],"collection":[{"href":"https:\/\/hysfsubsea.com\/nb\/wp-json\/wp\/v2\/product"}],"about":[{"href":"https:\/\/hysfsubsea.com\/nb\/wp-json\/wp\/v2\/types\/product"}],"replies":[{"embeddable":true,"href":"https:\/\/hysfsubsea.com\/nb\/wp-json\/wp\/v2\/comments?post=1644"}],"version-history":[{"count":2,"href":"https:\/\/hysfsubsea.com\/nb\/wp-json\/wp\/v2\/product\/1644\/revisions"}],"predecessor-version":[{"id":1717,"href":"https:\/\/hysfsubsea.com\/nb\/wp-json\/wp\/v2\/product\/1644\/revisions\/1717"}],"wp:featuredmedia":[{"embeddable":true,"href":"https:\/\/hysfsubsea.com\/nb\/wp-json\/wp\/v2\/media\/1677"}],"wp:attachment":[{"href":"https:\/\/hysfsubsea.com\/nb\/wp-json\/wp\/v2\/media?parent=1644"}],"wp:term":[{"taxonomy":"product_brand","embeddable":true,"href":"https:\/\/hysfsubsea.com\/nb\/wp-json\/wp\/v2\/product_brand?post=1644"},{"taxonomy":"product_cat","embeddable":true,"href":"https:\/\/hysfsubsea.com\/nb\/wp-json\/wp\/v2\/product_cat?post=1644"},{"taxonomy":"product_tag","embeddable":true,"href":"https:\/\/hysfsubsea.com\/nb\/wp-json\/wp\/v2\/product_tag?post=1644"}],"curies":[{"name":"wp","href":"https:\/\/api.w.org\/{rel}","templated":true}]}}