{"id":2080,"date":"2026-01-24T05:13:07","date_gmt":"2026-01-24T05:13:07","guid":{"rendered":"https:\/\/hysfsubsea.com\/?post_type=product&#038;p=2080"},"modified":"2026-01-24T16:19:54","modified_gmt":"2026-01-24T16:19:54","slug":"hysf-sflpil13f-standard-flat-13-pin-female-inline-underwater-connector","status":"publish","type":"product","link":"https:\/\/hysfsubsea.com\/nb\/product\/hysf-sflpil13f-standard-flat-13-pin-female-inline-underwater-connector\/","title":{"rendered":"HYSF SFLPIL13F Standard flat 13-pinners hunnkontakt for undervannsbruk"},"content":{"rendered":"<p>HYSF SFLPIL13F er en slitesterk, standard, flat 13-pinners vanntett hunnkontakt utformet for sikre, lavprofilerte kabel-til-kabel-tilkoblinger i t\u00f8ffe undervannsmilj\u00f8er med maksimal kanaltetthet. Perfekt for offshore flatkabel med omfattende str\u00f8mdistribusjon, ROV-flaggskipskontrollsystemer, undervannsinstrumentering og marint utstyr som krever langvarig vanntett p\u00e5litelighet. Den er presisjonskonstruert med f\u00f8rsteklasses konstruksjon og robust flat kropp, og t\u00e5ler ekstremt trykk og korrosjon p\u00e5 store havdyp. HYSF tilbyr velpr\u00f8vde standard flate vanntette undervannskontakter for offshore- og marineapplikasjoner.<\/p>","protected":false},"excerpt":{"rendered":"<p>The HYSF SFLPIL13F is a durable standard flat 13-pin female inline watertight connector designed for secure low-profile cable-to-cable connections in harsh subsea environments with maximum channel<span class=\"excerpt-hellip\"> [\u2026]<\/span><\/p>","protected":false},"featured_media":2137,"comment_status":"open","ping_status":"closed","template":"","meta":{"_acf_changed":false},"product_brand":[30],"product_cat":[32],"product_tag":[],"class_list":{"0":"post-2080","1":"product","2":"type-product","3":"status-publish","4":"has-post-thumbnail","6":"product_brand-hysf","7":"product_cat-standard-circular-connectors","8":"pa_body-material-neoprene-rubber-standard","9":"pa_connector-type-inline-receptacle","10":"pa_electrical-rating-550v-5a","11":"pa_mounting-thread-1-2-20-unf","12":"pa_number-of-contacts-13-pin","13":"pa_series-standard-flat-underwater-connector","15":"first","16":"instock","17":"shipping-taxable","18":"purchasable","19":"product-type-simple"},"acf":[],"_links":{"self":[{"href":"https:\/\/hysfsubsea.com\/nb\/wp-json\/wp\/v2\/product\/2080","targetHints":{"allow":["GET"]}}],"collection":[{"href":"https:\/\/hysfsubsea.com\/nb\/wp-json\/wp\/v2\/product"}],"about":[{"href":"https:\/\/hysfsubsea.com\/nb\/wp-json\/wp\/v2\/types\/product"}],"replies":[{"embeddable":true,"href":"https:\/\/hysfsubsea.com\/nb\/wp-json\/wp\/v2\/comments?post=2080"}],"version-history":[{"count":1,"href":"https:\/\/hysfsubsea.com\/nb\/wp-json\/wp\/v2\/product\/2080\/revisions"}],"predecessor-version":[{"id":2138,"href":"https:\/\/hysfsubsea.com\/nb\/wp-json\/wp\/v2\/product\/2080\/revisions\/2138"}],"wp:featuredmedia":[{"embeddable":true,"href":"https:\/\/hysfsubsea.com\/nb\/wp-json\/wp\/v2\/media\/2137"}],"wp:attachment":[{"href":"https:\/\/hysfsubsea.com\/nb\/wp-json\/wp\/v2\/media?parent=2080"}],"wp:term":[{"taxonomy":"product_brand","embeddable":true,"href":"https:\/\/hysfsubsea.com\/nb\/wp-json\/wp\/v2\/product_brand?post=2080"},{"taxonomy":"product_cat","embeddable":true,"href":"https:\/\/hysfsubsea.com\/nb\/wp-json\/wp\/v2\/product_cat?post=2080"},{"taxonomy":"product_tag","embeddable":true,"href":"https:\/\/hysfsubsea.com\/nb\/wp-json\/wp\/v2\/product_tag?post=2080"}],"curies":[{"name":"wp","href":"https:\/\/api.w.org\/{rel}","templated":true}]}}