{"id":2096,"date":"2026-01-24T05:13:29","date_gmt":"2026-01-24T05:13:29","guid":{"rendered":"https:\/\/hysfsubsea.com\/?post_type=product&#038;p=2096"},"modified":"2026-01-24T16:19:54","modified_gmt":"2026-01-24T16:19:54","slug":"hysf-sflpdc13f-standard-flat-13-pin-female-dummy-plug-underwater-connector","status":"publish","type":"product","link":"https:\/\/hysfsubsea.com\/nb\/product\/hysf-sflpdc13f-standard-flat-13-pin-female-dummy-plug-underwater-connector\/","title":{"rendered":"HYSF SFLPDC13F Standard flat 13-pinners undervannskontakt med hunnkontakt"},"content":{"rendered":"<p>HYSF SFLPDC13F er en standard flat 13-pinners dummyplugg av h\u00f8y kvalitet som brukes til \u00e5 beskytte \u00e5pne hunnkontakter mot vann og rusk n\u00e5r de kobles fra i flate systemer med maksimal tetthet. Den er avgj\u00f8rende for \u00e5 forlenge kontaktens levetid p\u00e5 offshoreplattformer og undervannsinstallasjoner. Har p\u00e5litelig forsegling for full milj\u00f8beskyttelse p\u00e5 ekstreme dyp. HYSF leverer viktige beskyttelseshetter og dummy plugger for standard flate vanntette subsea-kontakter.<\/p>","protected":false},"excerpt":{"rendered":"<p>The HYSF SFLPDC13F is a high-quality standard flat 13-pin female dummy plug used to protect open female receptacles from water and debris when disconnected in maximum-density<span class=\"excerpt-hellip\"> [\u2026]<\/span><\/p>","protected":false},"featured_media":2145,"comment_status":"open","ping_status":"closed","template":"","meta":{"_acf_changed":false},"product_brand":[30],"product_cat":[32],"product_tag":[],"class_list":{"0":"post-2096","1":"product","2":"type-product","3":"status-publish","4":"has-post-thumbnail","6":"product_brand-hysf","7":"product_cat-standard-circular-connectors","8":"pa_body-material-neoprene-rubber-standard","9":"pa_connector-type-dummy-plug","10":"pa_electrical-rating-550v-5a","11":"pa_mounting-thread-1-2-20-unf","12":"pa_number-of-contacts-13-pin","13":"pa_series-standard-flat-underwater-connector","15":"first","16":"instock","17":"shipping-taxable","18":"purchasable","19":"product-type-simple"},"acf":[],"_links":{"self":[{"href":"https:\/\/hysfsubsea.com\/nb\/wp-json\/wp\/v2\/product\/2096","targetHints":{"allow":["GET"]}}],"collection":[{"href":"https:\/\/hysfsubsea.com\/nb\/wp-json\/wp\/v2\/product"}],"about":[{"href":"https:\/\/hysfsubsea.com\/nb\/wp-json\/wp\/v2\/types\/product"}],"replies":[{"embeddable":true,"href":"https:\/\/hysfsubsea.com\/nb\/wp-json\/wp\/v2\/comments?post=2096"}],"version-history":[{"count":1,"href":"https:\/\/hysfsubsea.com\/nb\/wp-json\/wp\/v2\/product\/2096\/revisions"}],"predecessor-version":[{"id":2146,"href":"https:\/\/hysfsubsea.com\/nb\/wp-json\/wp\/v2\/product\/2096\/revisions\/2146"}],"wp:featuredmedia":[{"embeddable":true,"href":"https:\/\/hysfsubsea.com\/nb\/wp-json\/wp\/v2\/media\/2145"}],"wp:attachment":[{"href":"https:\/\/hysfsubsea.com\/nb\/wp-json\/wp\/v2\/media?parent=2096"}],"wp:term":[{"taxonomy":"product_brand","embeddable":true,"href":"https:\/\/hysfsubsea.com\/nb\/wp-json\/wp\/v2\/product_brand?post=2096"},{"taxonomy":"product_cat","embeddable":true,"href":"https:\/\/hysfsubsea.com\/nb\/wp-json\/wp\/v2\/product_cat?post=2096"},{"taxonomy":"product_tag","embeddable":true,"href":"https:\/\/hysfsubsea.com\/nb\/wp-json\/wp\/v2\/product_tag?post=2096"}],"curies":[{"name":"wp","href":"https:\/\/api.w.org\/{rel}","templated":true}]}}