{"id":2759,"date":"2026-01-27T07:51:19","date_gmt":"2026-01-27T07:51:19","guid":{"rendered":"https:\/\/hysfsubsea.com\/?post_type=product&#038;p=2759"},"modified":"2026-01-27T07:55:23","modified_gmt":"2026-01-27T07:55:23","slug":"hysf-sfmctzbhf-micro-coaxial-female-bulkhead-underwater-connector","status":"publish","type":"product","link":"https:\/\/hysfsubsea.com\/nb\/product\/hysf-sfmctzbhf-micro-coaxial-female-bulkhead-underwater-connector\/","title":{"rendered":"HYSF SFMCTZBHF Mikrokoaksial hunnskott undervannskontakt"},"content":{"rendered":"<p>HYSF SFMCTZBHF er en vanntett hunkontakt med h\u00f8y ytelse for mikrokoaksiale skott utformet for p\u00e5litelig panelmontering i RF-miniatyrutstyr p\u00e5 dypt vann. Den er viktig for kompakte undervannskontakter, miniatyrkommunikasjonssystemer til havs, ROV-grensesnitt og marin instrumentering som krever robust mikrokoaksial tetning gjennom skottet. Den er konstruert av marine materialer og har sterk tetning, og gir eksepsjonell signalytelse og trykkmotstand over hele havdypet. Den utmerkede skjermingen gj\u00f8r den til standarden for mikrokoaksiale undervannskontakter fra HYSF.<\/p>","protected":false},"excerpt":{"rendered":"<p>The HYSF SFMCTZBHF is a high-performance micro coaxial female bulkhead watertight connector designed for reliable panel mounting in deep-water miniature RF equipment. Essential for subsea compact<span class=\"excerpt-hellip\"> [\u2026]<\/span><\/p>","protected":false},"featured_media":2776,"comment_status":"open","ping_status":"closed","template":"","meta":{"_acf_changed":false},"product_brand":[30],"product_cat":[118],"product_tag":[],"class_list":{"0":"post-2759","1":"product","2":"type-product","3":"status-publish","4":"has-post-thumbnail","6":"product_brand-hysf","7":"product_cat-coaxial-underwater-connectors","8":"pa_body-material-316l-stainless-steel","9":"pa_coaxial-cable-specifications-75-350-3","10":"pa_connector-type-bulkhead-receptacle","11":"pa_mounting-thread-7-16-20-unf","12":"pa_series-coaxial-series","13":"pa_standing-wave-ratio-1-3","15":"first","16":"instock","17":"shipping-taxable","18":"purchasable","19":"product-type-simple"},"acf":[],"_links":{"self":[{"href":"https:\/\/hysfsubsea.com\/nb\/wp-json\/wp\/v2\/product\/2759","targetHints":{"allow":["GET"]}}],"collection":[{"href":"https:\/\/hysfsubsea.com\/nb\/wp-json\/wp\/v2\/product"}],"about":[{"href":"https:\/\/hysfsubsea.com\/nb\/wp-json\/wp\/v2\/types\/product"}],"replies":[{"embeddable":true,"href":"https:\/\/hysfsubsea.com\/nb\/wp-json\/wp\/v2\/comments?post=2759"}],"version-history":[{"count":1,"href":"https:\/\/hysfsubsea.com\/nb\/wp-json\/wp\/v2\/product\/2759\/revisions"}],"predecessor-version":[{"id":2777,"href":"https:\/\/hysfsubsea.com\/nb\/wp-json\/wp\/v2\/product\/2759\/revisions\/2777"}],"wp:featuredmedia":[{"embeddable":true,"href":"https:\/\/hysfsubsea.com\/nb\/wp-json\/wp\/v2\/media\/2776"}],"wp:attachment":[{"href":"https:\/\/hysfsubsea.com\/nb\/wp-json\/wp\/v2\/media?parent=2759"}],"wp:term":[{"taxonomy":"product_brand","embeddable":true,"href":"https:\/\/hysfsubsea.com\/nb\/wp-json\/wp\/v2\/product_brand?post=2759"},{"taxonomy":"product_cat","embeddable":true,"href":"https:\/\/hysfsubsea.com\/nb\/wp-json\/wp\/v2\/product_cat?post=2759"},{"taxonomy":"product_tag","embeddable":true,"href":"https:\/\/hysfsubsea.com\/nb\/wp-json\/wp\/v2\/product_tag?post=2759"}],"curies":[{"name":"wp","href":"https:\/\/api.w.org\/{rel}","templated":true}]}}