{"id":2901,"date":"2026-01-30T03:51:06","date_gmt":"2026-01-30T03:51:06","guid":{"rendered":"https:\/\/hysfsubsea.com\/?post_type=product&#038;p=2901"},"modified":"2026-01-30T03:51:15","modified_gmt":"2026-01-30T03:51:15","slug":"hysf-sf40m-4s4t-fl-hybrid-photoelectric-4-optical-4-electrical-flange-bulkhead-underwater-connector","status":"publish","type":"product","link":"https:\/\/hysfsubsea.com\/nb\/product\/hysf-sf40m-4s4t-fl-hybrid-photoelectric-4-optical-4-electrical-flange-bulkhead-underwater-connector\/","title":{"rendered":"HYSF SF40M-4S4T-FL Hybrid Photoelectric 4 Optical 4 Electrical Flange Bulkhead Underwater Connector"},"content":{"rendered":"<p>HYSF SF40M-4S4T-FL er en robust, vanntett hybrid fotoelektrisk flensskottkontakt med 4 optiske fibre og 4 elektriske kontakter for samtidig data- og str\u00f8moverf\u00f8ring med h\u00f8y tetthet i t\u00f8ffe undervannsapplikasjoner. Perfekt for avanserte ROV-kontrollsystemer, AUV-multisensorsystemer, undervannskommunikasjon med h\u00f8y b\u00e5ndbredde, marint vitenskapelig utstyr, fornybar energi til havs og dyphavsobservatorier som trenger p\u00e5litelige flensmonterte hybridkoblinger. Den er bygget med f\u00f8rsteklasses marine materialer, gullbelagte kontakter, optisk presisjonsjustering og slitesterk forsegling, og den er IP68-beskyttet og t\u00e5ler 60 MPa trykk (6000 m dybde). Overlegen optisk ytelse og elektrisk p\u00e5litelighet gj\u00f8r den til et viktig element i undervannskontakter med 4 fiber og 4 str\u00f8m, hybrid opto-elektriske flensskott og fotoelektriske l\u00f8sninger for dyphavsomr\u00e5der fra den profesjonelle kinesiske produsenten HYSF.<\/p>","protected":false},"excerpt":{"rendered":"<p>The HYSF SF40M-4S4T-FL is a robust hybrid photoelectric flange bulkhead watertight connector integrating 4 optical fibers and 4 electrical contacts for high-density simultaneous data and power<span class=\"excerpt-hellip\"> [\u2026]<\/span><\/p>","protected":false},"featured_media":2912,"comment_status":"open","ping_status":"closed","template":"","meta":{"_acf_changed":false},"product_brand":[30],"product_cat":[125],"product_tag":[],"class_list":{"0":"post-2901","1":"product","2":"type-product","3":"status-publish","4":"has-post-thumbnail","6":"product_brand-hysf","7":"product_cat-hybrid-photoelectric-connector","8":"pa_conductor-cross-section-mm-1-5","9":"pa_insertion-loss-il-db-1db","10":"pa_insulation-resistance-500v220m","11":"pa_series-hybrid-photoelectric-connector","12":"pa_tail-fiber-bending-radius-30d","13":"pa_water-pressure-resistance-60mpa","15":"first","16":"instock","17":"shipping-taxable","18":"purchasable","19":"product-type-simple"},"acf":[],"_links":{"self":[{"href":"https:\/\/hysfsubsea.com\/nb\/wp-json\/wp\/v2\/product\/2901","targetHints":{"allow":["GET"]}}],"collection":[{"href":"https:\/\/hysfsubsea.com\/nb\/wp-json\/wp\/v2\/product"}],"about":[{"href":"https:\/\/hysfsubsea.com\/nb\/wp-json\/wp\/v2\/types\/product"}],"replies":[{"embeddable":true,"href":"https:\/\/hysfsubsea.com\/nb\/wp-json\/wp\/v2\/comments?post=2901"}],"version-history":[{"count":1,"href":"https:\/\/hysfsubsea.com\/nb\/wp-json\/wp\/v2\/product\/2901\/revisions"}],"predecessor-version":[{"id":2913,"href":"https:\/\/hysfsubsea.com\/nb\/wp-json\/wp\/v2\/product\/2901\/revisions\/2913"}],"wp:featuredmedia":[{"embeddable":true,"href":"https:\/\/hysfsubsea.com\/nb\/wp-json\/wp\/v2\/media\/2912"}],"wp:attachment":[{"href":"https:\/\/hysfsubsea.com\/nb\/wp-json\/wp\/v2\/media?parent=2901"}],"wp:term":[{"taxonomy":"product_brand","embeddable":true,"href":"https:\/\/hysfsubsea.com\/nb\/wp-json\/wp\/v2\/product_brand?post=2901"},{"taxonomy":"product_cat","embeddable":true,"href":"https:\/\/hysfsubsea.com\/nb\/wp-json\/wp\/v2\/product_cat?post=2901"},{"taxonomy":"product_tag","embeddable":true,"href":"https:\/\/hysfsubsea.com\/nb\/wp-json\/wp\/v2\/product_tag?post=2901"}],"curies":[{"name":"wp","href":"https:\/\/api.w.org\/{rel}","templated":true}]}}